{"id":11,"date":"2023-02-01T21:40:45","date_gmt":"2023-02-01T20:40:45","guid":{"rendered":"http:\/\/www.sevenminds.de\/preview\/schubert\/?page_id=11"},"modified":"2023-02-13T16:00:09","modified_gmt":"2023-02-13T15:00:09","slug":"zur-person","status":"publish","type":"page","link":"https:\/\/mm-hrd.com\/de\/zur-person\/","title":{"rendered":"Zur Person"},"content":{"rendered":"<p>Martina Schubert hat sich auf Internationale Personal- und Organisationsentwicklung spezialisiert. W\u00e4hrend ihrer Promotion in Erziehungswissenschaft arbeitete sie an der Ruprecht-Karls-Universit\u00e4t in Heidelberg und an der Tribhuvan Universit\u00e4t Kathmandu, Nepal. <\/p>\n<p>Sp\u00e4ter entwickelte sie Bildungsprogramme f\u00fcr das Internationale Ausbildungszentrum der Internationalen Arbeitsorganisation (ILO) in Turin, die sie in verschiedenen L\u00e4ndern und zu unterschiedlichen Themen durchf\u00fchrte. <\/p>\n<p>Durch den Wechsel in die Privatwirtschaft, zun\u00e4chst in die Automobilfabrikation und danach in den Finanzdienst-leistungsbereich des Daimlerkonzerns, lernte sie die internationale Personalentwicklung in einem multinationalen Konzern operativ und konzeptionell kennen.  Sie konzipierte Weiterbildungsprogramme, entwickelte Instrumente zum Talentmanagement und f\u00fchrte diese international im Unternehmen ein. <\/p>\n<p>Als selbst\u00e4ndige Trainerin, Beraterin und Coach und f\u00fcr diverse Einrichtungen internationaler Organisationen wie UNESCO, UNV, ILO, WTO und der Deutschen Gesellschaft f\u00fcr Internationale Zusammenarbeit (GIZ fr\u00fcher GTZ, InWent, etc.) r\u00fcckte ihr Fokus auf internationale Kooperationen wieder in den Mittelpunkt ihrer Arbeit. <\/p>\n<p>Auslandsaufenthalte in Asien und Nordafrika geh\u00f6ren seither zu ihrem Alltag. In Indonesien arbeitete sie zum Beispiel nach dem Tsunami von 2004 am Neuaufbau von Strukturen zur beruflichen Bildung mit. In Tunesien gestaltete sie nach der Revolution von 2011 in der Deutsch-Tunesischen Industrie- und Handelskammer Programme vor Ort. Hier stand unter anderem der Abbau der Jugendarbeitslosigkeit im Mittelpunkt, in Zusammenarbeit mit deutschen Unternehmen in Tunesien und gef\u00f6rdert durch Mittel der Bundesregierung.<\/p>\n<p>Kontinuierlich coacht Martina Schubert international t\u00e4tige Einzelkunden und ber\u00e4t mittelst\u00e4ndische Unternehmen bei Ver\u00e4nderungs- und Qualifizierungsprozessen.<\/p>\n<p>Sie ist ausgebildet als \u201eSystemischer Coach\u201c und Ver\u00e4nderungs-managerin. Zu ihren Arbeitssprachen z\u00e4hlen neben Deutsch, Englisch und Franz\u00f6sisch auch Indonesisch und Nepali. <\/p>\n<p>Martina Schubert ist Mitglied des Expertenpools der deutschen Bundesregierung f\u00fcr zivile Friedenseins\u00e4tze. <\/p>\n<p>Seit einigen Jahren ist sie Lehrbeauftragte f\u00fcr Personal- und Selbstmanagement an der Hochschule f\u00fcr Wirtschaft und Recht in Berlin.<\/p>\n<p>Sie mag klassische Musik, f\u00e4hrt gern Motorrad und entspannt sich mit Yoga.<\/p>\n","protected":false},"excerpt":{"rendered":"<p>Martina Schubert hat sich auf Internationale Personal- und Organisationsentwicklung spezialisiert. W\u00e4hrend ihrer Promotion in Erziehungswissenschaft arbeitete sie an der Ruprecht-Karls-Universit\u00e4t in Heidelberg und an der Tribhuvan Universit\u00e4t Kathmandu, Nepal. Sp\u00e4ter entwickelte sie Bildungsprogramme f\u00fcr das Internationale Ausbildungszentrum der Internationalen Arbeitsorganisation (ILO) in Turin, die sie in verschiedenen L\u00e4ndern und zu unterschiedlichen Themen durchf\u00fchrte. Durch den<a class=\"readmore\" href=\"https:\/\/mm-hrd.com\/de\/zur-person\/\">Weiterlesen<\/a><\/p>\n","protected":false},"author":2,"featured_media":199,"parent":0,"menu_order":0,"comment_status":"open","ping_status":"open","template":"page_zweispaltigertext.php","meta":{"footnotes":""},"class_list":["post-11","page","type-page","status-publish","has-post-thumbnail","hentry"],"_links":{"self":[{"href":"https:\/\/mm-hrd.com\/de\/wp-json\/wp\/v2\/pages\/11","targetHints":{"allow":["GET"]}}],"collection":[{"href":"https:\/\/mm-hrd.com\/de\/wp-json\/wp\/v2\/pages"}],"about":[{"href":"https:\/\/mm-hrd.com\/de\/wp-json\/wp\/v2\/types\/page"}],"author":[{"embeddable":true,"href":"https:\/\/mm-hrd.com\/de\/wp-json\/wp\/v2\/users\/2"}],"replies":[{"embeddable":true,"href":"https:\/\/mm-hrd.com\/de\/wp-json\/wp\/v2\/comments?post=11"}],"version-history":[{"count":7,"href":"https:\/\/mm-hrd.com\/de\/wp-json\/wp\/v2\/pages\/11\/revisions"}],"predecessor-version":[{"id":306,"href":"https:\/\/mm-hrd.com\/de\/wp-json\/wp\/v2\/pages\/11\/revisions\/306"}],"wp:featuredmedia":[{"embeddable":true,"href":"https:\/\/mm-hrd.com\/de\/wp-json\/wp\/v2\/media\/199"}],"wp:attachment":[{"href":"https:\/\/mm-hrd.com\/de\/wp-json\/wp\/v2\/media?parent=11"}],"curies":[{"name":"wp","href":"https:\/\/api.w.org\/{rel}","templated":true}]}}