{"id":160,"date":"2023-02-01T15:58:11","date_gmt":"2023-02-01T14:58:11","guid":{"rendered":"http:\/\/www.sktestserver.de\/mschubert\/?page_id=160"},"modified":"2023-02-13T16:01:14","modified_gmt":"2023-02-13T15:01:14","slug":"beratung","status":"publish","type":"page","link":"https:\/\/mm-hrd.com\/de\/leistungen\/beratung\/","title":{"rendered":"Beratung"},"content":{"rendered":"<p>Festgefahrene Alltagsroutinen und unreflektierte Gewohnheiten in Verhalten oder Einstellungen behindern oft die Entwicklung und Zusammenarbeit von Menschen. Die Mitarbeiterinnen und Mitarbeiter und deren Arbeitsweisen, ihre Offenheit f\u00fcr Neues und ihre pers\u00f6nliche Flexibilit\u00e4t sind also der Schl\u00fcssel f\u00fcr mehr Effizienz und Leistung. <\/p>\n<p>Martina Schubert informiert, motiviert und ber\u00e4t Teams und einzelne Mitarbeiter. Sie koordiniert und leitet ebenso die Konzeption und Durchf\u00fchrung umfassender Trainings-Ma\u00dfnahmen. <\/p>\n<p>Themenfelder sind hier unter anderem Berufliche Bildung, Weiterbildung und die Ausbildung von F\u00fchrungskr\u00e4ften, Unterst\u00fctzung einzelner Mitarbeiter, Auswahl und Einf\u00fchrung von Mitarbeitern, Leistungsvereinbarung und -beurteilung,  Karriere- und Nachfolgeplanung, Auslandseinsatz und Mentoring sowie Themen der Organisationsentwicklung wie Change Management, Teamkonzepte, Bewertung von Strukturen und Prozessen, Begleitung von Ver\u00e4nderungen, Teamentwicklung. Dazu geh\u00f6ren aber auch Themen wie Nachhaltige Wirtschaftsentwicklung, Besch\u00e4ftigungsf\u00f6rderung, Gender, Curriculumentwicklung und Action Learning. <\/p>\n<p>Jedes dieser Themen kann international implementiert und mit interkulturellem Know-how umgesetzt werden.<\/p>\n","protected":false},"excerpt":{"rendered":"<p>Festgefahrene Alltagsroutinen und unreflektierte Gewohnheiten in Verhalten oder Einstellungen behindern oft die Entwicklung und Zusammenarbeit von Menschen. Die Mitarbeiterinnen und Mitarbeiter und deren Arbeitsweisen, ihre Offenheit f\u00fcr Neues und ihre pers\u00f6nliche Flexibilit\u00e4t sind also der Schl\u00fcssel f\u00fcr mehr Effizienz und Leistung. Martina Schubert informiert, motiviert und ber\u00e4t Teams und einzelne Mitarbeiter. Sie koordiniert und leitet<a class=\"readmore\" href=\"https:\/\/mm-hrd.com\/de\/leistungen\/beratung\/\">Weiterlesen<\/a><\/p>\n","protected":false},"author":2,"featured_media":197,"parent":203,"menu_order":0,"comment_status":"closed","ping_status":"closed","template":"","meta":{"footnotes":""},"class_list":["post-160","page","type-page","status-publish","has-post-thumbnail","hentry"],"_links":{"self":[{"href":"https:\/\/mm-hrd.com\/de\/wp-json\/wp\/v2\/pages\/160","targetHints":{"allow":["GET"]}}],"collection":[{"href":"https:\/\/mm-hrd.com\/de\/wp-json\/wp\/v2\/pages"}],"about":[{"href":"https:\/\/mm-hrd.com\/de\/wp-json\/wp\/v2\/types\/page"}],"author":[{"embeddable":true,"href":"https:\/\/mm-hrd.com\/de\/wp-json\/wp\/v2\/users\/2"}],"replies":[{"embeddable":true,"href":"https:\/\/mm-hrd.com\/de\/wp-json\/wp\/v2\/comments?post=160"}],"version-history":[{"count":1,"href":"https:\/\/mm-hrd.com\/de\/wp-json\/wp\/v2\/pages\/160\/revisions"}],"predecessor-version":[{"id":323,"href":"https:\/\/mm-hrd.com\/de\/wp-json\/wp\/v2\/pages\/160\/revisions\/323"}],"up":[{"embeddable":true,"href":"https:\/\/mm-hrd.com\/de\/wp-json\/wp\/v2\/pages\/203"}],"wp:featuredmedia":[{"embeddable":true,"href":"https:\/\/mm-hrd.com\/de\/wp-json\/wp\/v2\/media\/197"}],"wp:attachment":[{"href":"https:\/\/mm-hrd.com\/de\/wp-json\/wp\/v2\/media?parent=160"}],"curies":[{"name":"wp","href":"https:\/\/api.w.org\/{rel}","templated":true}]}}