{"id":163,"date":"2023-02-01T15:58:58","date_gmt":"2023-02-01T14:58:58","guid":{"rendered":"http:\/\/www.sktestserver.de\/mschubert\/?page_id=163"},"modified":"2023-02-13T16:01:06","modified_gmt":"2023-02-13T15:01:06","slug":"projektmanagement","status":"publish","type":"page","link":"https:\/\/mm-hrd.com\/de\/leistungen\/projektmanagement\/","title":{"rendered":"Projektmanagement"},"content":{"rendered":"<p>Ein Projekt ist etwas,  das es in dieser Form bisher noch nicht gab, etwas, das seiner Zeit und seinem Umfeld voraus ist. Dies muss nun so gehandhabt werden, dass es bei keiner der beteiligten Gruppen oder Personen Irritationen, \u00c4ngste, Friktionen oder Konflikte erzeugt. Lassen Sie sich deshalb schon in der Planungsphase unterst\u00fctzen, damit m\u00f6glichst viele Themen von Anfang an angesprochen und ber\u00fccksichtigt werden k\u00f6nnen.<\/p>\n<p>Martina Schubert hilft Ihnen, Ihre Projekte und die Prozesse zu deren Umsetzung ganzheitlich und nachhaltig zu planen. In Seminaren oder Einzel-Interviews mit den unterschiedlichen beteiligten Gruppen oder Personen analysiert sie so fr\u00fchzeitig wie m\u00f6glich die Ausgangssituation, auch in Bezug auf \u00c4ngste und andere Hindernisse, und identifiziert die angemessenen Vorgehensweisen. <\/p>\n<p>Das vorhandene Wissen aller Beteiligten ist eine wichtige Grundlage jeder Ver\u00e4nderung. Von dieser Basis ausgehend wird der Wandel gestaltet. Martina Schubert begleitet die Akteure bei der Durchf\u00fchrung und hilft ihnen \u2013 als neutrale Interaktionspartnerin \u2013 die einzelnen Schritte zu steuern. Sie beobachtet und dokumentiert Wirkungen der einzelnen Prozessschritte, misst die Erreichung der Indikatoren und vergleicht sie mit der Ausgangssituation. Wurden Ver\u00e4nderungen durch die Ma\u00dfnahmen des Projektes \u201everursacht\u201c \u2013 oder durch andere Faktoren?  Martina Schubert arbeitet mit den Instrumenten des Wirkungsmonitorings, der Projektfortschrittskontrolle und der Evaluierung \u2013 und immer mit dem professionellen Blick von au\u00dfen.<\/p>\n","protected":false},"excerpt":{"rendered":"<p>Ein Projekt ist etwas, das es in dieser Form bisher noch nicht gab, etwas, das seiner Zeit und seinem Umfeld voraus ist. Dies muss nun so gehandhabt werden, dass es bei keiner der beteiligten Gruppen oder Personen Irritationen, \u00c4ngste, Friktionen oder Konflikte erzeugt. Lassen Sie sich deshalb schon in der Planungsphase unterst\u00fctzen, damit m\u00f6glichst viele<a class=\"readmore\" href=\"https:\/\/mm-hrd.com\/de\/leistungen\/projektmanagement\/\">Weiterlesen<\/a><\/p>\n","protected":false},"author":2,"featured_media":197,"parent":203,"menu_order":1,"comment_status":"closed","ping_status":"closed","template":"","meta":{"footnotes":""},"class_list":["post-163","page","type-page","status-publish","has-post-thumbnail","hentry"],"_links":{"self":[{"href":"https:\/\/mm-hrd.com\/de\/wp-json\/wp\/v2\/pages\/163","targetHints":{"allow":["GET"]}}],"collection":[{"href":"https:\/\/mm-hrd.com\/de\/wp-json\/wp\/v2\/pages"}],"about":[{"href":"https:\/\/mm-hrd.com\/de\/wp-json\/wp\/v2\/types\/page"}],"author":[{"embeddable":true,"href":"https:\/\/mm-hrd.com\/de\/wp-json\/wp\/v2\/users\/2"}],"replies":[{"embeddable":true,"href":"https:\/\/mm-hrd.com\/de\/wp-json\/wp\/v2\/comments?post=163"}],"version-history":[{"count":1,"href":"https:\/\/mm-hrd.com\/de\/wp-json\/wp\/v2\/pages\/163\/revisions"}],"predecessor-version":[{"id":283,"href":"https:\/\/mm-hrd.com\/de\/wp-json\/wp\/v2\/pages\/163\/revisions\/283"}],"up":[{"embeddable":true,"href":"https:\/\/mm-hrd.com\/de\/wp-json\/wp\/v2\/pages\/203"}],"wp:featuredmedia":[{"embeddable":true,"href":"https:\/\/mm-hrd.com\/de\/wp-json\/wp\/v2\/media\/197"}],"wp:attachment":[{"href":"https:\/\/mm-hrd.com\/de\/wp-json\/wp\/v2\/media?parent=163"}],"curies":[{"name":"wp","href":"https:\/\/api.w.org\/{rel}","templated":true}]}}