{"id":202,"date":"2023-02-01T16:39:19","date_gmt":"2023-02-01T15:39:19","guid":{"rendered":"http:\/\/www.sevenminds.de\/preview\/schubert\/?page_id=2"},"modified":"2023-02-13T16:01:51","modified_gmt":"2023-02-13T15:01:51","slug":"beispiel-seite-2","status":"publish","type":"page","link":"https:\/\/mm-hrd.com\/de\/","title":{"rendered":"Home"},"content":{"rendered":"<p class=\"short\">\nMartina Schubert ist Personal- und Organisationsentwicklerin. Seit mehr als 25 Jahren arbeitet sie f\u00fcr Unternehmen, \u00f6ffentliche Verwaltungen und nicht kommerzielle Organisationen \u2013 in bisher mehr als 30 L\u00e4ndern.\n<\/p>\n<p class=\"extended\">\nMartina Schubert hat ein breites Spektrum an interkulturellem Know-how und den unterschiedlichsten Erfahrungen zusammengetragen und mit ihrem profunden wissenschaftlichen Fachwissen verkn\u00fcpft. Diese Kombination bef\u00e4higt sie, sensibel die konkreten Erfordernisse einer Situation zu erfassen, die jeweils angemessene L\u00f6sungsstrategie zu entwickeln und diese mit Empathie f\u00fcr die Menschen und ihre Bed\u00fcrfnisse zu implementieren, zu begleiten und nachhaltig in der jeweiligen Organisationsstruktur, in Unternehmen, Verwaltungen, Non-Profit-Organisationen, zu verankern.\n<\/p>\n<div id=\"extend\">\n<a href=\"javascript:void(0)\">+<\/a>\n<\/div>\n","protected":false},"excerpt":{"rendered":"<p>Martina Schubert ist Personal- und Organisationsentwicklerin. Seit mehr als 25 Jahren arbeitet sie f\u00fcr Unternehmen, \u00f6ffentliche Verwaltungen und nicht kommerzielle Organisationen \u2013 in bisher mehr als 30 L\u00e4ndern. Martina Schubert hat ein breites Spektrum an interkulturellem Know-how und den unterschiedlichsten Erfahrungen zusammengetragen und mit ihrem profunden wissenschaftlichen Fachwissen verkn\u00fcpft. Diese Kombination bef\u00e4higt sie, sensibel die<a class=\"readmore\" href=\"https:\/\/mm-hrd.com\/de\/\">Weiterlesen<\/a><\/p>\n","protected":false},"author":2,"featured_media":200,"parent":0,"menu_order":0,"comment_status":"open","ping_status":"open","template":"startseite.php","meta":{"footnotes":""},"class_list":["post-202","page","type-page","status-publish","has-post-thumbnail","hentry"],"_links":{"self":[{"href":"https:\/\/mm-hrd.com\/de\/wp-json\/wp\/v2\/pages\/202","targetHints":{"allow":["GET"]}}],"collection":[{"href":"https:\/\/mm-hrd.com\/de\/wp-json\/wp\/v2\/pages"}],"about":[{"href":"https:\/\/mm-hrd.com\/de\/wp-json\/wp\/v2\/types\/page"}],"author":[{"embeddable":true,"href":"https:\/\/mm-hrd.com\/de\/wp-json\/wp\/v2\/users\/2"}],"replies":[{"embeddable":true,"href":"https:\/\/mm-hrd.com\/de\/wp-json\/wp\/v2\/comments?post=202"}],"version-history":[{"count":2,"href":"https:\/\/mm-hrd.com\/de\/wp-json\/wp\/v2\/pages\/202\/revisions"}],"predecessor-version":[{"id":258,"href":"https:\/\/mm-hrd.com\/de\/wp-json\/wp\/v2\/pages\/202\/revisions\/258"}],"wp:featuredmedia":[{"embeddable":true,"href":"https:\/\/mm-hrd.com\/de\/wp-json\/wp\/v2\/media\/200"}],"wp:attachment":[{"href":"https:\/\/mm-hrd.com\/de\/wp-json\/wp\/v2\/media?parent=202"}],"curies":[{"name":"wp","href":"https:\/\/api.w.org\/{rel}","templated":true}]}}