{"id":203,"date":"2023-02-01T21:40:12","date_gmt":"2023-02-01T20:40:12","guid":{"rendered":"http:\/\/www.sevenminds.de\/preview\/schubert\/?page_id=5"},"modified":"2023-02-13T16:01:23","modified_gmt":"2023-02-13T15:01:23","slug":"leistungen","status":"publish","type":"page","link":"https:\/\/mm-hrd.com\/de\/leistungen\/","title":{"rendered":"Leistungen"},"content":{"rendered":"<p>Martina Schubert unterst\u00fctzt und ber\u00e4t Organisationen in allen Bereichen internationaler Personal- und Organisationsentwicklung. Auf verschiedenen Ebenen.<\/p>\n<p>In Politik und Wirtschaft ber\u00e4t sie beispielsweise die Kr\u00e4fte auf Leitungsebene, wie sie konkreten Ver\u00e4nderungen begegnen k\u00f6nnen und welche Ma\u00dfnahmen daf\u00fcr zielf\u00fchrend sind. Und auf der Durchf\u00fchrungsebene unterst\u00fctzt sie die Besch\u00e4ftigten dabei, Wege zu finden, um mit dem Wandel umzugehen und sich den neuen Herausforderungen stellen zu k\u00f6nnen. In diesem Zusammenhang bef\u00e4higt sie als Coach auch Einzelne dazu, auf Ver\u00e4nderungen proaktiv zu reagieren. <\/p>\n<p>Dabei ist die Beratung von Martina Schubert grunds\u00e4tzlich eine Kombination aus individuell gestalteter Fach- und Prozessberatung. <\/p>\n","protected":false},"excerpt":{"rendered":"<p>Martina Schubert unterst\u00fctzt und ber\u00e4t Organisationen in allen Bereichen internationaler Personal- und Organisationsentwicklung. Auf verschiedenen Ebenen. In Politik und Wirtschaft ber\u00e4t sie beispielsweise die Kr\u00e4fte auf Leitungsebene, wie sie konkreten Ver\u00e4nderungen begegnen k\u00f6nnen und welche Ma\u00dfnahmen daf\u00fcr zielf\u00fchrend sind. Und auf der Durchf\u00fchrungsebene unterst\u00fctzt sie die Besch\u00e4ftigten dabei, Wege zu finden, um mit dem Wandel<a class=\"readmore\" href=\"https:\/\/mm-hrd.com\/de\/leistungen\/\">Weiterlesen<\/a><\/p>\n","protected":false},"author":2,"featured_media":197,"parent":0,"menu_order":0,"comment_status":"open","ping_status":"open","template":"","meta":{"footnotes":""},"class_list":["post-203","page","type-page","status-publish","has-post-thumbnail","hentry"],"_links":{"self":[{"href":"https:\/\/mm-hrd.com\/de\/wp-json\/wp\/v2\/pages\/203","targetHints":{"allow":["GET"]}}],"collection":[{"href":"https:\/\/mm-hrd.com\/de\/wp-json\/wp\/v2\/pages"}],"about":[{"href":"https:\/\/mm-hrd.com\/de\/wp-json\/wp\/v2\/types\/page"}],"author":[{"embeddable":true,"href":"https:\/\/mm-hrd.com\/de\/wp-json\/wp\/v2\/users\/2"}],"replies":[{"embeddable":true,"href":"https:\/\/mm-hrd.com\/de\/wp-json\/wp\/v2\/comments?post=203"}],"version-history":[{"count":1,"href":"https:\/\/mm-hrd.com\/de\/wp-json\/wp\/v2\/pages\/203\/revisions"}],"predecessor-version":[{"id":282,"href":"https:\/\/mm-hrd.com\/de\/wp-json\/wp\/v2\/pages\/203\/revisions\/282"}],"wp:featuredmedia":[{"embeddable":true,"href":"https:\/\/mm-hrd.com\/de\/wp-json\/wp\/v2\/media\/197"}],"wp:attachment":[{"href":"https:\/\/mm-hrd.com\/de\/wp-json\/wp\/v2\/media?parent=203"}],"curies":[{"name":"wp","href":"https:\/\/api.w.org\/{rel}","templated":true}]}}