{"id":230,"date":"2023-02-01T23:52:19","date_gmt":"2023-02-01T22:52:19","guid":{"rendered":"http:\/\/www.sktestserver.de\/mschubert\/?page_id=230"},"modified":"2025-09-01T14:01:15","modified_gmt":"2025-09-01T12:01:15","slug":"impressum","status":"publish","type":"page","link":"https:\/\/mm-hrd.com\/de\/impressum\/","title":{"rendered":"Impressum"},"content":{"rendered":"<p>Inhaltlich verantwortlich i.S. d. \u00a76 TDG und \u00a76 MDStV: <\/p>\n<p>Dr. Martina Schubert geb. Maier<br \/>\nInternationale Personalentwicklung<br \/>\nOranienburger Stra\u00dfe 12<br \/>\nD-10178 Berlin<\/p>\n<p>Tel.: +49 (0)173 54 20 533<br \/>\nFax: +49 (0)30 28 38 99 37<br \/>\nMail: <a href=\"mailto:schubert@mm-hrd.com\">schubert@mm-hrd.com<\/a><\/p>\n<p>Steuernummer: 34\/521\/00482<\/p>\n<p><strong>Hinweis:<\/strong><br \/>\nF\u00fcr externe Links \u00fcbernehmen wir trotz sorgf\u00e4ltiger \u00dcberpr\u00fcfung keinerlei Haftung. F\u00fcr den Inhalt der verlinkten Seiten sind ausschlie\u00dflich deren Betreiber verantwortlich.<\/p>\n<p><strong>Gender-Klausel:<\/strong><br \/>\nDie weibliche Form ist der m\u00e4nnlichen auf dieser Website gleichgestellt; lediglich aus Gr\u00fcnden der Vereinfachung \u00fcberwiegt die m\u00e4nnliche Form.<\/p>\n<p><strong>Webdesign und Programmierung:<\/strong><br \/>\n<a href=\"https:\/\/sebastian-klammer.de\/webdesign-berlin\/\" target=\"_blank\" title=\"Webdesign Berlin\">Webdesign Berlin : Sebastian Klammer Grafikdesign<\/a><\/p>\n<p><strong>Fotos: <\/strong><br \/>\nDie Hoffotografen<br \/>\n<a href=\"https:\/\/hoffotografen.de\" target=\"_blank\" rel=\"noopener\">www.hoffotografen.de<\/a><\/p>\n<p><strong>Illustration:<\/strong><br \/>\nSebastian Klammer Grafikdesign Berlin<\/p>\n","protected":false},"excerpt":{"rendered":"<p>Inhaltlich verantwortlich i.S. d. \u00a76 TDG und \u00a76 MDStV: Dr. Martina Schubert geb. Maier Internationale Personalentwicklung Oranienburger Stra\u00dfe 12 D-10178 Berlin Tel.: +49 (0)173 54 20 533 Fax: +49 (0)30 28 38 99 37 Mail: schubert@mm-hrd.com Steuernummer: 34\/521\/00482 Hinweis: F\u00fcr externe Links \u00fcbernehmen wir trotz sorgf\u00e4ltiger \u00dcberpr\u00fcfung keinerlei Haftung. F\u00fcr den Inhalt der verlinkten Seiten<a class=\"readmore\" href=\"https:\/\/mm-hrd.com\/de\/impressum\/\">Weiterlesen<\/a><\/p>\n","protected":false},"author":2,"featured_media":199,"parent":0,"menu_order":0,"comment_status":"closed","ping_status":"closed","template":"page_zweispaltigertext.php","meta":{"footnotes":""},"class_list":["post-230","page","type-page","status-publish","has-post-thumbnail","hentry"],"_links":{"self":[{"href":"https:\/\/mm-hrd.com\/de\/wp-json\/wp\/v2\/pages\/230","targetHints":{"allow":["GET"]}}],"collection":[{"href":"https:\/\/mm-hrd.com\/de\/wp-json\/wp\/v2\/pages"}],"about":[{"href":"https:\/\/mm-hrd.com\/de\/wp-json\/wp\/v2\/types\/page"}],"author":[{"embeddable":true,"href":"https:\/\/mm-hrd.com\/de\/wp-json\/wp\/v2\/users\/2"}],"replies":[{"embeddable":true,"href":"https:\/\/mm-hrd.com\/de\/wp-json\/wp\/v2\/comments?post=230"}],"version-history":[{"count":12,"href":"https:\/\/mm-hrd.com\/de\/wp-json\/wp\/v2\/pages\/230\/revisions"}],"predecessor-version":[{"id":328,"href":"https:\/\/mm-hrd.com\/de\/wp-json\/wp\/v2\/pages\/230\/revisions\/328"}],"wp:featuredmedia":[{"embeddable":true,"href":"https:\/\/mm-hrd.com\/de\/wp-json\/wp\/v2\/media\/199"}],"wp:attachment":[{"href":"https:\/\/mm-hrd.com\/de\/wp-json\/wp\/v2\/media?parent=230"}],"curies":[{"name":"wp","href":"https:\/\/api.w.org\/{rel}","templated":true}]}}