{"id":308,"date":"2023-02-01T14:49:45","date_gmt":"2023-02-01T13:49:45","guid":{"rendered":"https:\/\/mm-hrd.com\/de\/?page_id=308"},"modified":"2023-02-13T16:01:59","modified_gmt":"2023-02-13T15:01:59","slug":"datenschutzerklaerung","status":"publish","type":"page","link":"https:\/\/mm-hrd.com\/de\/datenschutzerklaerung\/","title":{"rendered":"Datenschutzerkl\u00e4rung"},"content":{"rendered":"<h3>Allgemeines<\/h3>\n<p>Die folgenden Datenschutzhinweise kl\u00e4ren Sie \u00fcber die Erhebung und Verarbeitung Ihrer personenbezogenen Daten bei der Nutzung dieser Website auf. Die Definitionen und Beschreibungen der Datenerhebung und -verarbeitung sowie des jeweils f\u00fcr diese Datenerhebung oder -verarbeitung Verantwortlichen entsprechen den Definition in Art. 4 der Datenschutzgrundverordnung (DSGVO) mit Stand vom 25.05.2018. <\/p>\n<h3>Personenbezogene Daten<\/h3>\n<p>Unter &#8222;Personenbezogenen Daten&#8220; versteht man grunds\u00e4tzlich all jene Informationen, die dazu genutzt werden k\u00f6nnen, R\u00fcckschl\u00fcsse auf eine nat\u00fcrliche Person zu ziehen oder eine nat\u00fcrliche Person zu identifizieren. Dabei wird eine nat\u00fcrliche Person dann als identifizierbar angesehen, wenn sie mithilfe einer Kennung (z.B. eines Namens), einer Nummer, eines spezifischen Standortes einer Online-Markierung (z.B. ein Cookie) oder anderer besonderer Merkmale (z.B. physische, psychologische, genetische, wirtschaftliche, kulturelle oder soziale Merkmale) eindeutig identifiziert werden kann. <\/p>\n<h3>Verantwortlichkeit f\u00fcr den Datenschutz<\/h3>\n<p>Die f\u00fcr die Datenerhebung und Datenverarbeitung auf dieser Website datenschutzrechtlich verantwortliche Stelle ist<\/p>\n<p>Dr. Martina Schubert<br \/>\nInternationale Personalentwicklung<br \/>\nOranienburger Stra\u00dfe 12<br \/>\nD-10178 Berlin<br \/>\nTel.: +49 (0)173 54 20 533<br \/>\nMail: schubert@mm-hrd.com<\/p>\n<p>(im Folgenden kurz &#8222;ich&#8220; oder &#8222;die Betreiberin&#8220;)<\/p>\n<p>F\u00fcr manche der weiter unten genannten Datenverarbeitungen sind neben der Betreiberin dieser Website auch ihre jeweiligen Kooperationspartner datenschutzrechtlich mitverantwortlich. Sie k\u00f6nnen daher manche Rechte auch direkt gegen\u00fcber dem jeweiligen Kooperationspartner aus\u00fcben. Entsprechende Informationen dazu finden Sie an der entsprechenden Stelle dieser Datenschutzerkl\u00e4rung. <\/p>\n<h3>Web-Hoster<\/h3>\n<p>Diese Website wird auf Serversystemen der Strato AG, Pascalstra\u00dfe 10, 10587 Berlin betrieben. Strato betreibt zwei Rechenzentren mit Standort in Deutschland. Das Unternehmen ist nach DIN ISO 9001 und DIN ISO 27001 zertifiziert. Das ISO 27001 Zertifikat weist ein ad\u00e4quates Sicherheitsmanagement, die Sicherheit der Daten, die Vertraulichkeit der Informationen und die Verf\u00fcgbarkeit der IT-Systeme nach. Im Rahmen unserer Zusammenarbeit werden keine personenbezogenen Daten \u00fcber Ihren Besuch auf dieser Website direkt an Strato weitergegeben. Es kann jedoch vorkommen, dass Strato, z.B. im Rahmen von Wartungsarbeiten, zumindest potenziell Zugriff auf personenbezogene Daten erlangt. Durch entsprechende Datenschutzvereinbarungen ist auch in einem solchen Fall der Schutz Ihrer personenbezogenen Daten sichergestellt.<\/p>\n<h3>Art und Umfang der erfassten Daten<\/h3>\n<p>Wenn Sie auf diese Website zugreifen, werden unterschiedliche Informationen \u00fcber Ihren Besuch erfasst. Diese Informationen umfassen Nutzungsdaten wie die von Ihnen besuchten Webseiten, die von Ihnen gelesenen Inhalte, Zugriffszeiten, Ger\u00e4teinformationen, Informationen zu Ihrem Betriebssystem und Ihrem Webbrowser sowie IP-Adressen. Nutzen Sie neben dem reinen Zugriff auf unsere Seiten weitere Funktionen wie etwa ein Kontaktformular oder eine sonstige Funktion, die die Eingabe Ihrer Daten auf dieser Website erforderlich macht, werden \u00fcber die bereits genannten Daten hinaus weitere Informationen erfasst und verarbeitet. Dazu geh\u00f6ren Bestandsdaten wie Ihr Name oder Ihre Adresse, Kontaktdaten wie Ihre Telefonnummer oder Ihre E-Mail-Adresse und Inhaltsdaten wie eingegebene Texte oder versandte Medien. <\/p>\n<h3>Datenerhebung bei der Nutzung von Kontaktfunktionen auf dieser Website<\/h3>\n<p><strong>Kontaktformulare<\/strong><\/p>\n<p>Wenn Sie mit mir Kontakt aufnehmen m\u00f6chten, k\u00f6nnen Sie hierf\u00fcr die Kontaktformulare auf dieser Website nutzen. Wenn Sie dies tun, ben\u00f6tige ich von Ihnen die folgenden Datenkategorien: Ihren Namen und Ihre E-Mailadresse. Sie haben zus\u00e4tzlich die M\u00f6glichkeit, die folgenden Datenkategorien optional einzugeben: Ihren Nachrichtentext. Ihre Daten werden im Falle einer Kontaktaufnahme ggf. in einem CRM (Customer Relationship Management System) oder einem anderen Softwareprogramm gespeichert. Sobald Ihre Anfragedaten zur Auftrags- oder Vertragserf\u00fcllung nicht mehr erforderlich sind, werden sie gel\u00f6scht oder ihre Verarbeitung eingeschr\u00e4nkt, sofern keine anderen rechtlichen Vorgaben die dar\u00fcber hinausgehende Aufbewahrung Ihrer Daten erfordern.<\/p>\n<h3>Automatische Datenerhebung w\u00e4hrend der Nutzung dieser Website<\/h3>\n<p><strong>Technisch erforderliche Daten<\/strong><\/p>\n<p>Wenn Sie auf diese Website zugreifen, werden durch mich und\/oder den Web Hoster automatisch Informationen allgemeiner Natur erfasst. Die Erfassung und Verarbeitung dieser Daten erfolgt auf Grundlage meines berechtigten Interesses im Sinne des Art. 6 Abs. 1 lit. f. DSGVO. Zu den erfassten Informationen (so genannte Server-Logfiles) geh\u00f6ren die Art Ihres Webbrowsers, das verwendete Betriebssystem, der Domainname Ihres Internet Service Providers, die IP-Adresse, die Zeit und Dauer des Zugriffs, die angeforderten Seiten, die \u00fcbertragene Datenmenge und die Referrer URL der zuvor besuchten Website. Hierbei handelt es sich ausschlie\u00dflich um Informationen, die nicht genutzt werden, um R\u00fcckschl\u00fcsse auf Ihre Person zu ziehen. Diese Informationen sind technisch notwendig, um von Ihnen angeforderte Inhalte von Webseiten korrekt auszuliefern und fallen bei Nutzung des Internets zwingend an. Anonymisierte Informationen dieser Art werden von uns statistisch ausgewertet, um diese Website und die zu ihrem Betrieb notwendige Technik zu optimieren. Zweck der Verarbeitung dieser Informationen sind die Zurverf\u00fcgungstellung dieses Onlineangebotes einschlie\u00dflich seiner Funktionen und Inhalte, die Beantwortung von Anfragen und die Kommunikation mit Ihnen.<\/p>\n<p><strong>Cookies<\/strong><\/p>\n<p>Wie viele andere Webseiten verwendet auch diese Website sogenannte \u201eCookies\u201c. Cookies sind kleine Textdateien, die von einem Webserver auf Ihren Computer \u00fcbertragen werden. Auf diese Weise erhalten wir automatisch bestimmte Daten wie z. B. IP-Adresse, verwendeter Browser, Betriebssystem \u00fcber Ihren Computer und Ihre Verbindung zum Internet. Tempor\u00e4re Cookies bzw. so genannte &#8222;Session Cookies&#8220; beinhalten Informationen, die sich auf den aktuellen Besuch dieser Website beziehen. Tempor\u00e4re Cookies werden nach Beendigung Ihres Besuches auf dieser Website bzw. beim schlie\u00dfen Ihres Browsers gel\u00f6scht. Sofern wir auf unserer Website Dienste von Drittanbietern zur Verf\u00fcgung stellen oder nutzen (z.B. Google Analytics), speichern auch diese Drittanbieter Cookies auf Ihrem Computer. Cookies k\u00f6nnen nicht verwendet werden, um Programme zu starten oder Viren auf einen Computer zu \u00fcbertragen. Die in Cookies enthaltenen Informationen werden dazu verwendet, die korrekte Anzeige dieser Webseiten sicherzustellen. In keinem Fall werden die von der Betreiberin verarbeiteten Daten an Dritte weitergegeben oder ohne Ihre Einwilligung eine Verkn\u00fcpfung mit personenbezogenen Daten hergestellt. <\/p>\n<p>Nat\u00fcrlich k\u00f6nnen Sie diese Website grunds\u00e4tzlich auch ohne Cookies betrachten. Internet-Browser sind in der Regel so eingestellt, dass sie Cookies akzeptieren. Sie k\u00f6nnen die Verwendung von Cookies jederzeit \u00fcber die Einstellungen Ihres Browsers deaktivieren. Au\u00dferdem haben Sie die M\u00f6glichkeit, bereits gespeicherte Cookies von Ihrem Computer zu l\u00f6schen. Bitte verwenden Sie die Hilfefunktionen Ihres Internetbrowsers, um zu erfahren, wie Sie Ihre Cookie-Einstellungen \u00e4ndern oder bereits gespeicherte Cookies l\u00f6schen k\u00f6nnen. Wenn Sie einen generellen Widerspruch gegen den Einsatz von Cookies zu Marketingzwecken geltend machen m\u00f6chten, k\u00f6nnen Sie dies bei verschiedenen Online-Dienstleistern tun \u2013 zum Beispiel bei <a href=\"http:\/\/www.aboutads.info\/choices\/\" target=\"_blank\" rel=\"noopener\">http:\/\/www.aboutads.info\/choices<\/a> in den USA oder <a href=\"http:\/\/www.youronlinechoices.com\" target=\"_blank\" rel=\"noopener\">http:\/\/www.youronlinechoices.com<\/a> in der EU.<\/p>\n<h3>Einbindung von Diensten und Inhalten von Drittanbietern<\/h3>\n<p>Auf dieser Website sind ggf. Dienste von Drittanbietern eingebunden \u2013 etwa, um Videos, Karten, Schriften (Web Fonts) oder andere Inhalte darzustellen. Die Bereitstellung dieser Inhalte macht es erforderlich, Ihre IP-Adresse an den jeweiligen Drittanbieter zu \u00fcbermitteln, damit dieser die betreffenden Inhalte korrekt an Ihren Browser ausliefern kann. In diesem Zusammenhang wird darauf hingewiesen, dass Drittanbieter auch so genannte &#8222;Pixel Tags&#8220; oder &#8222;Web Beacons&#8220; einsetzen k\u00f6nnen, um Informationen wie das Benutzeraufkommen auf besuchten Websites statistisch auszuwerten. Derartige Informationen werden in pseudonymer Form unter Umst\u00e4nden in Cookies auf Ihrem Computer gespeichert. Dies schlie\u00dft Informationen zu Ihrem Browser oder dem Betriebssystem Ihres Computers, Informationen zu verweisenden Websites, Besuchszeiten und -dauer sowie die auf dieser Website besuchten Seiten ein. Diese Daten k\u00f6nnen mit Informationen aus anderen Quellen verbunden werden. Wie Sie die Verwendung von Cookies unterbinden oder bereits auf Ihrem Computer gespeicherte Cookies l\u00f6schen k\u00f6nnen, entnehmen Sie bitte den Hilfe-Informationen Ihres Web-Browsers.<\/p>\n<p>Folgende Dienste bzw. Inhalte von Drittanbietern sind auf unserer Website eingebunden: <\/p>\n<p><strong>Google Services<\/strong><\/p>\n<p>Auf dieser Website werden webf\u00e4hige Schriftarten von Google Fonts eingesetzt. Diese Google Fonts sind ein Service, der vom Anbieter Google LLC, 1600 Amphitheatre Parkway, Mountain View, CA 94043, USA, zur Verf\u00fcgung gestellt wird. Die Datenschutzerkl\u00e4rung von Google finden Sie unter der Adresse <a href=\"https:\/\/www.google.com\/policies\/privacy\/\" target=\"_blank\" rel=\"noopener\"> https:\/\/www.google.com\/policies\/privacy\/<\/a>. Hinweise zu Ihren Opt-Out-M\u00f6glichkeiten finden Sie unter <a href=\"https:\/\/adssettings.google.com\/authenticated\" target=\"_blank\" rel=\"noopener\">https:\/\/adssettings.google.com\/authenticated<\/a>.<\/p>\n<p><strong>Facebook<\/strong><\/p>\n<p>Auf dieser Website haben Sie die M\u00f6glichkeit, \u00fcber einen Link auf meine Facebook-Seite zuzugreifen. Facebook ist ein Service, der von Facebook Ireland Ltd., 4 Grand Canal Square, Grand Canal Harbour, Dublin 2, Irland zur Verf\u00fcgung gestellt wird. Die Facebook-Schaltfl\u00e4chen sind an einem Facebook-Logo oder dem Schriftzug &#8222;Facebook&#8220; erkennbar. Die Verwendung des Facebook-Links erfolgt auf Grundlage besonderer Voraussetzungen zur Daten\u00fcbermittlung und -verarbeitung. Facebook ist nach dem Privacy Shield-Abkommen zertifiziert und garantiert die Einhaltung europ\u00e4ischen Datenschutzrechts. <\/p>\n<p>Wenn Sie den Facebook-Link auf dieser Website nutzen, um auf meine Facebook-Seite zuzugreifen, \u00fcbermittelt Ihr Computer bestimmte Informationen \u00fcber Ihre Nutzung dieser Website an einen Server von Facebook. Aus diesen Daten lassen sich, insbesondere, wenn Sie zum Zeitpunkt der Nutzung bei Facebook angemeldet sind, Nutzungsprofile \u00fcber Ihr Online-Verhalten erstellen und Ihrem Facebook-Konto zuordnen. Facebook kann auch dann Ihre IP-Adresse erfassen und speichern, wenn Sie kein Facebook-Konto besitzen. In diesem Zusammenhang wird darauf hingewiesen, dass ich auf Art und Umfang der Daten, die \u00fcber den Facebook-Link an Facebook \u00fcbermittelt werden, keinen Einfluss habe. Facebook versichert jedoch, in Deutschland nur eine anonymisierte IP-Adresse zu speichern, aus der sich keine R\u00fcckschl\u00fcsse auf Ihre Person ziehen lassen. Weitere Informationen zur Erhebung und Verarbeitung von Daten durch Facebook sowie zu Ihren Einstellungsm\u00f6glichkeiten und Widerspruchsrechten finden Sie in den Datenschutzhinweisen von Facebook unter <a href=\"https:\/\/www.facebook.com\/about\/privacy\/\" target=\"_blank\" rel=\"noopener\">https:\/\/www.facebook.com\/about\/privacy\/<\/a>. <\/p>\n<p>Wenn Sie Mitglied bei Facebook sind, jedoch nicht m\u00f6chten, dass Facebook Daten \u00fcber Ihren Besuch auf dieser Website erfasst, m\u00fcssen Sie sich vor Ihrem Besuch auf dieser Website bei Facebook ausloggen und die auf Ihrem Computer gespeicherten Cookies l\u00f6schen. Hinweise zur L\u00f6schung von Cookies entnehmen Sie bitte der Hilfe-Funktion Ihres Web-Browsers. <\/p>\n<p><strong>XING<\/strong><\/p>\n<p>Auf dieser Website haben Sie die M\u00f6glichkeit, \u00fcber einen Link auf meine XING-Seite zuzugreifen. XING ist ein Service, der von der XING AG, Dammtorstra\u00dfe 29-32, 20354 Hamburg, Deutschland zur Verf\u00fcgung gestellt wird. Wenn Sie den XING-Link auf dieser Website nutzen, um meine XING-Seite aufzurufen, \u00fcbermittelt Ihr Computer bestimmte Daten an einen Server von XING, die es XING erlauben, ein Nutzungsprofil \u00fcber Ihr Online-Verhalten zu erstellen. Informationen \u00fcber Art und Umfang der Datenerhebung und Datenverarbeitung durch XING finden Sie in der XING Datenschutzerkl\u00e4rung unter <a href=\"https:\/\/www.xing.com\/app\/share?op=data_protection\" target=\"_blank\" rel=\"noopener\">https:\/\/www.xing.com\/app\/share?op=data_protection<\/a>.<\/p>\n<p><strong>LinkedIn<\/strong><\/p>\n<p>Auf dieser Website haben Sie die M\u00f6glichkeit, \u00fcber einen Link auf meine LinkedIn-Seite zuzugreifen. LinkedIn ist ein Service, der von der LinkedIn Corp., Mountain View, California, USA f\u00fcr Nutzer in den USA bzw. LinkedIn Ireland U.C., Wilton Place, Dublin 2, Irland f\u00fcr Nutzer innerhalb der EU zur Verf\u00fcgung gestellt wird. Die Verwendung der LinkedIn-Verkn\u00fcpfung erfolgt auf Grundlage besonderer Voraussetzungen f\u00fcr die Daten\u00fcbermittlung. LinkedIn ist nach dem Privacy Shield-Abkommen zertifiziert und garantiert somit, das europ\u00e4ische Datenschutzrecht einzuhalten. Wenn Sie den Link zu meiner LinkedIn-Seite auf dieser Website nutzen, \u00fcbermittelt Ihr Computer bestimmte Daten an einen Server von LinkedIn, die es LinkedIn erm\u00f6glichen, ein Nutzungsprofil \u00fcber Ihr Online-Verhalten zu erstellen. Informationen \u00fcber Art und Umfang der Datenerhebung und Datenverarbeitung durch LinkedIn finden Sie in der LinkedIn Datenschutzerkl\u00e4rung unter <a href=\"https:\/\/www.linkedin.com\/legal\/privacy-policy\" target=\"_blank\" rel=\"noopener\">https:\/\/www.linkedin.com\/legal\/privacy-policy<\/a>. <\/p>\n<h3>Weitergabe Ihrer Daten an Dritte<\/h3>\n<p>Eine Weitergabe Ihrer Daten an Dritte erfolgt nur, soweit dies nach europ\u00e4ischem Datenschutzrecht zul\u00e4ssig oder vorgeschrieben ist. Dies ist zum einen der Fall, wenn Sie ausdr\u00fccklich in die Weitergabe Ihrer Daten eingewilligt haben und\/oder die Weitergabe zur Vertragsdurchf\u00fchrung erforderlich ist. Eine Weitergabe Ihrer Daten ist datenschutzrechtlich ferner dann zul\u00e4ssig, wenn die Durchsetzung von Regelungen anderer Gesetze (z.B. strafrechtliche Regelungen) die Weitergabe einfordern und dieser Weitergabe aus datenschutzrechtlicher Sicht nichts entgegen steht. Ebenfalls rechtens ist die Weitergabe Ihrer Daten dann, wenn meinerseits ein berechtigtes Interesse an der Weitergabe der entsprechenden Informationen besteht (etwa bei einer Auftragsvergabe an Dritte, beim Einsatz eines Beauftragten oder gegen\u00fcber einem Webhoster). Die Weitergabe Ihrer Daten im Rahmen eines Auftragsverarbeitungsvertrages erfolgt ausschlie\u00dflich auf Grundlage des Art. 28 DSGVO.<\/p>\n<h3>\u00dcbermittlung Ihrer Daten in Drittl\u00e4nder<\/h3>\n<p>Falls ich personenbezogene Daten in einem Drittland (also einem Land au\u00dferhalb der Europ\u00e4ischen Union oder des Europ\u00e4ischen Wirtschaftsraums) verarbeite oder, z.B. im Rahmen der Inanspruchnahme eines Dienstes, durch Dritte verarbeiten lasse, so erfolgt dies allein zum Zweck der Erf\u00fcllung meiner vertraglichen Pflichten, mit Ihrer Einwilligung oder aber aufgrund einer entsprechenden rechtlichen Verpflichtung. Die \u00dcbermittlung oder Verarbeitung Ihrer Daten in Drittl\u00e4nder(n) erfolgt ausschlie\u00dflich im Falle der gesetzlichen und\/oder vertraglichen Rechtm\u00e4\u00dfigkeit einer solchen \u00dcbermittlung oder Verarbeitung sowie bei Vorliegen der besonderen Voraussetzungen aus Art. 44 ff DSGVO. Besondere Voraussetzungen liegen zum Beispiel dann vor, wenn das Drittland offiziell anerkannt ein der EU entsprechendes Datenschutzniveau aufweisen kann. Auch relevante Garantien oder die Vereinbarung offiziell anerkannter vertraglicher Verpflichtungen (sog. Standardvertragsklauseln) stellen besondere Voraussetzungen f\u00fcr die \u00dcbermittlung von Daten in Drittl\u00e4nder dar.<\/p>\n<h3>Ihre Rechte als betroffene Person<\/h3>\n<p>An dieser Stelle finden Sie weiterf\u00fchrende Informationen zu den Datenschutzrechten, die Sie der Betreiberin dieser Website gegen\u00fcber aus\u00fcben k\u00f6nnen.<\/p>\n<p><strong>Auskunftsrecht \/ Berichtigungsrecht<\/strong><\/p>\n<p>Sie haben das Recht, jederzeit Auskunft \u00fcber Ihre bei mir gespeicherten personenbezogenen Daten zu erhalten oder Kopien dieser Daten anzufordern. Bitte schicken Sie hierzu eine E-Mail\u00a0an <a href=\"mailto:schubert@mm-hrd.com\">schubert@mm-hrd.com<\/a>. Es d\u00fcrfen ausschlie\u00dflich zutreffende Daten zu Ihrer Person verarbeitet werden. Falls Sie \u2013 zum Beispiel durch Wahrnehmung Ihres Auskunftsrechts \u2013 feststellen sollten, dass ein Datum \u00fcber Sie unzutreffend oder unvollst\u00e4ndig ist bzw. unzutreffend\/unvollst\u00e4ndig geworden ist, bin ich grunds\u00e4tzlich verpflichtet, es umgehend zu korrigieren.<\/p>\n<p><strong>L\u00f6schungsrecht \/ Sperrungsrecht<\/strong><\/p>\n<p>Ich verarbeite Ihre Daten nur zu den in dieser Datenschutzerkl\u00e4rung genannten Zwecken. Grunds\u00e4tzlich werden diese Daten zun\u00e4chst nur zur Abwicklung der von Ihnen gew\u00fcnschten Datenverarbeitung (z.B. Bearbeitung Ihrer Nachricht, Pr\u00fcfung Ihres Anliegens) ben\u00f6tigt. In einigen F\u00e4llen kann eine gesetzliche Verpflichtung vorliegen, Ihre Daten f\u00fcr einen bestimmten Zeitraum aufzubewahren. Sofern Ihre Daten w\u00e4hrend dieses Zeitraums nicht ben\u00f6tigt werden, werden wir sie gesperrt bzw. ihre Verarbeitung eingeschr\u00e4nkt. Sie haben allerdings das Recht, die sofortige L\u00f6schung Ihrer Daten zu verlangen oder aber eine Einschr\u00e4nkung der Verarbeitung Ihrer Daten einzufordern. Au\u00dferdem haben Sie das Recht, die von mir \u00fcber Sie gespeicherten Daten vor ihrer L\u00f6schung sich selbst oder einem anderen Verantwortlichen \u00fcbermitteln zu lassen.<\/p>\n<p><strong>Widerspruchsrecht \/ Widerrufsrecht<\/strong><\/p>\n<p>Soweit Ihnen hinsichtlich der in dieser Datenschutzerkl\u00e4rung beschriebenen Datenverarbeitungen ein gesetzliches Widerspruchsrecht zusteht, werden Sie an der entsprechenden Stelle darauf hingewiesen. Sie haben an den entsprechenden Stellen auch die M\u00f6glichkeit, Ihren Widerspruch auszu\u00fcben. Dar\u00fcber hinaus haben Sie das Recht, bereits erteilte Einwilligungen zur Erfassung oder Verarbeitung Ihrer Daten mit Wirkung f\u00fcr die Zukunft zu widerrufen oder der k\u00fcnftigen Erfassung und Verarbeitung Ihrer personenbezogenen Daten bereits im Vorfeld jederzeit zu widersprechen. Dieser Widerspruch kann insbesondere dann erfolgen, wenn die Verarbeitung Ihrer Daten dem Zweck der Direktwerbung dient.<\/p>\n<p>Sollten Sie mit der Art der Verarbeitung Ihrer personenbezogenen Daten in Bezug auf diese Website nicht einverstanden sein, k\u00f6nnen Sie eine entsprechende Beschwerde bei der zust\u00e4ndigen Aufsichtsbeh\u00f6rde einreichen.<\/p>\n<h3>\u00c4nderung der Datenschutzhinweise<\/h3>\n<p>Ich behalte mir vor, Teile dieser Datenschutzerkl\u00e4rung gelegentlich anzupassen, damit sie stets den aktuellen rechtlichen Anforderungen entsprechen oder um \u00c4nderungen meines Leistungsangebotes in der Datenschutzerkl\u00e4rung umzusetzen \u2013 etwa bei der Einf\u00fchrung neuer Services. F\u00fcr Ihren erneuten Besuch gilt dann die neue Datenschutzerkl\u00e4rung. Soweit f\u00fcr die Einf\u00fchrung eines neuen Dienstes auf dieser Website Ihre vorherige Zustimmung erforderlich ist, werden Sie rechtzeitig entsprechend informiert und um Ihre Einwilligung gebeten. Diese Datenschutzerkl\u00e4rung datiert auf den 04.05.2018.<\/p>\n","protected":false},"excerpt":{"rendered":"<p>Allgemeines Die folgenden Datenschutzhinweise kl\u00e4ren Sie \u00fcber die Erhebung und Verarbeitung Ihrer personenbezogenen Daten bei der Nutzung dieser Website auf. Die Definitionen und Beschreibungen der Datenerhebung und -verarbeitung sowie des jeweils f\u00fcr diese Datenerhebung oder -verarbeitung Verantwortlichen entsprechen den Definition in Art. 4 der Datenschutzgrundverordnung (DSGVO) mit Stand vom 25.05.2018. Personenbezogene Daten Unter &#8222;Personenbezogenen Daten&#8220;<a class=\"readmore\" href=\"https:\/\/mm-hrd.com\/de\/datenschutzerklaerung\/\">Weiterlesen<\/a><\/p>\n","protected":false},"author":2,"featured_media":199,"parent":0,"menu_order":0,"comment_status":"closed","ping_status":"closed","template":"","meta":{"footnotes":""},"class_list":["post-308","page","type-page","status-publish","has-post-thumbnail","hentry"],"_links":{"self":[{"href":"https:\/\/mm-hrd.com\/de\/wp-json\/wp\/v2\/pages\/308","targetHints":{"allow":["GET"]}}],"collection":[{"href":"https:\/\/mm-hrd.com\/de\/wp-json\/wp\/v2\/pages"}],"about":[{"href":"https:\/\/mm-hrd.com\/de\/wp-json\/wp\/v2\/types\/page"}],"author":[{"embeddable":true,"href":"https:\/\/mm-hrd.com\/de\/wp-json\/wp\/v2\/users\/2"}],"replies":[{"embeddable":true,"href":"https:\/\/mm-hrd.com\/de\/wp-json\/wp\/v2\/comments?post=308"}],"version-history":[{"count":4,"href":"https:\/\/mm-hrd.com\/de\/wp-json\/wp\/v2\/pages\/308\/revisions"}],"predecessor-version":[{"id":325,"href":"https:\/\/mm-hrd.com\/de\/wp-json\/wp\/v2\/pages\/308\/revisions\/325"}],"wp:featuredmedia":[{"embeddable":true,"href":"https:\/\/mm-hrd.com\/de\/wp-json\/wp\/v2\/media\/199"}],"wp:attachment":[{"href":"https:\/\/mm-hrd.com\/de\/wp-json\/wp\/v2\/media?parent=308"}],"curies":[{"name":"wp","href":"https:\/\/api.w.org\/{rel}","templated":true}]}}