{"id":7,"date":"2023-02-01T21:40:22","date_gmt":"2023-02-01T20:40:22","guid":{"rendered":"http:\/\/www.sevenminds.de\/preview\/schubert\/?page_id=7"},"modified":"2023-02-13T16:00:35","modified_gmt":"2023-02-13T15:00:35","slug":"themen","status":"publish","type":"page","link":"https:\/\/mm-hrd.com\/de\/themen\/","title":{"rendered":"Themen"},"content":{"rendered":"<p>Das Tempo von Ver\u00e4nderungen w\u00e4chst st\u00e4ndig, doch die meisten Organisationsstrukturen und die Menschen, die darin arbeiten, tun sich schwer damit. <\/p>\n<p>Die Globalisierung hat weitreichende Folgen. Absatzm\u00e4rkte werden internationaler und flexibler, aber auch die Arbeitsm\u00e4rkte ver\u00e4ndern sich und Menschen mit speziellen Potenzialen werden heute weltweit rekrutiert. Die Besch\u00e4ftigten sehen sich immer wieder mit den Folgen von Outsourcing, Insourcing oder Dezentralisierung konfrontiert \u2013 ebenso wie mit immer anderen Formen von Besch\u00e4ftigungs- und Arbeitsverh\u00e4ltnissen. <\/p>\n<p>Damit r\u00fccken neue Anforderungen in den Fokus. Flexibel und neugierig, bereit, immer wieder umzudenken und weiter zu lernen, durchsetzungsf\u00e4hig und fachlich \u00fcber jeden Zweifel erhaben. So oder \u00e4hnlich soll er beschaffen sein, der Mitarbeiter international operierender Organisationen, Unternehmen und Verwaltungen. Doch nicht jeder traut sich das zu! Angst und Verunsicherung k\u00f6nnen allerdings schnell blockierend wirken. <\/p>\n<p>Organisationen und Menschen m\u00fcssen heute kontinuierlich anpassungsf\u00e4hig sein. Ma\u00dfnahmen zur nachhaltigen Personal- und Organisationsentwicklung sind daher der Schl\u00fcssel f\u00fcr ihre Zukunftsf\u00e4higkeit. <\/p>\n<p>Prozesse m\u00fcssen immer wieder neu gestaltet, Personen dabei unterst\u00fctzt und \u00c4ngste vor neuen Herausforderungen abgebaut werden. Doch wenn die Menschen nicht an den Ver\u00e4nderungen beteiligt oder nicht gen\u00fcgend darauf vorbereitet sind, steigen sie irgendwann aus. Mit immensem Schaden f\u00fcr die Organisation oder das Projekt. <\/p>\n<p>Auf Basis dieser Erfahrung hat Martina Schubert einen ganzheitlichen Beratungsansatz entwickelt, der die Perspektiven aller wesentlichen Akteure einbezieht. Vom ersten Schritt der Planung bis zur Umsetzung der gemeinsam vereinbarten Ma\u00dfnahmen unterst\u00fctzt sie international agierende Organisationen, Unternehmen und Verwaltungen \u2013 mit dem Wissen, dass besonders im internationalen Kontext  der Gesch\u00e4fts- oder Projekterfolg wesentlich von einer personalstrategisch gesteuerten Entwicklung abh\u00e4ngt.<\/p>\n","protected":false},"excerpt":{"rendered":"<p>Das Tempo von Ver\u00e4nderungen w\u00e4chst st\u00e4ndig, doch die meisten Organisationsstrukturen und die Menschen, die darin arbeiten, tun sich schwer damit. Die Globalisierung hat weitreichende Folgen. Absatzm\u00e4rkte werden internationaler und flexibler, aber auch die Arbeitsm\u00e4rkte ver\u00e4ndern sich und Menschen mit speziellen Potenzialen werden heute weltweit rekrutiert. Die Besch\u00e4ftigten sehen sich immer wieder mit den Folgen von<a class=\"readmore\" href=\"https:\/\/mm-hrd.com\/de\/themen\/\">Weiterlesen<\/a><\/p>\n","protected":false},"author":2,"featured_media":196,"parent":0,"menu_order":0,"comment_status":"open","ping_status":"open","template":"","meta":{"footnotes":""},"class_list":["post-7","page","type-page","status-publish","has-post-thumbnail","hentry"],"_links":{"self":[{"href":"https:\/\/mm-hrd.com\/de\/wp-json\/wp\/v2\/pages\/7","targetHints":{"allow":["GET"]}}],"collection":[{"href":"https:\/\/mm-hrd.com\/de\/wp-json\/wp\/v2\/pages"}],"about":[{"href":"https:\/\/mm-hrd.com\/de\/wp-json\/wp\/v2\/types\/page"}],"author":[{"embeddable":true,"href":"https:\/\/mm-hrd.com\/de\/wp-json\/wp\/v2\/users\/2"}],"replies":[{"embeddable":true,"href":"https:\/\/mm-hrd.com\/de\/wp-json\/wp\/v2\/comments?post=7"}],"version-history":[{"count":4,"href":"https:\/\/mm-hrd.com\/de\/wp-json\/wp\/v2\/pages\/7\/revisions"}],"predecessor-version":[{"id":280,"href":"https:\/\/mm-hrd.com\/de\/wp-json\/wp\/v2\/pages\/7\/revisions\/280"}],"wp:featuredmedia":[{"embeddable":true,"href":"https:\/\/mm-hrd.com\/de\/wp-json\/wp\/v2\/media\/196"}],"wp:attachment":[{"href":"https:\/\/mm-hrd.com\/de\/wp-json\/wp\/v2\/media?parent=7"}],"curies":[{"name":"wp","href":"https:\/\/api.w.org\/{rel}","templated":true}]}}