{"id":71,"date":"2023-02-01T17:32:39","date_gmt":"2023-02-01T16:32:39","guid":{"rendered":"http:\/\/www.sktestserver.de\/mschubert\/?page_id=71"},"modified":"2023-02-13T16:00:51","modified_gmt":"2023-02-13T15:00:51","slug":"training","status":"publish","type":"page","link":"https:\/\/mm-hrd.com\/de\/leistungen\/training\/","title":{"rendered":"Training"},"content":{"rendered":"<p>Fort- und Weiterbildungsprogramme werden in Zukunft noch wichtiger als sie es ohnehin schon sind. Denn weil sich die Um- und Au\u00dfenwelt immer schneller ver\u00e4ndert, haben einmal erworbene Kenntnisse und Fertigkeiten eine immer k\u00fcrzere Aktualit\u00e4t. Die Menschen m\u00fcssen sich immer wieder neu auf ungewohnte Prozesse und Kommunikationsweisen einstellen. Durchdachte, lebensnahe Bildungsprogramme steigern und sichern die Produktivit\u00e4t der Mitarbeiterinnen und Mitarbeiter und deren langfristige Bindung an ihren Arbeitgeber.  <\/p>\n<p>Martina Schubert plant Fortbildungsma\u00dfnahmen und setzt sie so um, dass sie zu nachhaltigen Ver\u00e4nderungen f\u00fchren. Hierbei sind die Erfahrungen der Mitarbeiterinnen und Mitarbeiter der Ausgangspunkt, an den sie ankn\u00fcpft. Diese Vorgehensweise hilft den Besch\u00e4ftigten, ihre eigenen Muster zu reflektieren und gegebenenfalls zu ver\u00e4ndern. Die Anwendungsorientierung tr\u00e4gt dazu bei, die Integration des Gelernten in den Alltag zu festigen.<\/p>\n<p>Martina Schubert unterrichtet regelm\u00e4\u00dfig die F\u00e4cher Personal- und Selbstmanagement an einer Hochschule in Berlin. Dieser hybride Erfahrungshorizont in Lehre und Forschung auf der einen und praktischer Arbeit in den unterschiedlichsten kulturellen und wirtschaftlichen Umfeldern auf der anderen Seite erweist sich f\u00fcr alle Beteiligten als bereichernd: Einerseits kann sie ihre Erfahrungen und die aktuellen Trends aus Wirtschaft, \u00f6ffentlicher Verwaltung  und dem Non-Profit-Bereich an die Studierenden weitergeben. Und andererseits profitieren ihre Kunden aus all diesen Bereichen von den Ergebnissen der Forschungs- und Entwicklungsarbeit an der Universit\u00e4t. Martina Schubert ist der Link zwischen diesen Welten.<\/p>\n","protected":false},"excerpt":{"rendered":"<p>Fort- und Weiterbildungsprogramme werden in Zukunft noch wichtiger als sie es ohnehin schon sind. Denn weil sich die Um- und Au\u00dfenwelt immer schneller ver\u00e4ndert, haben einmal erworbene Kenntnisse und Fertigkeiten eine immer k\u00fcrzere Aktualit\u00e4t. Die Menschen m\u00fcssen sich immer wieder neu auf ungewohnte Prozesse und Kommunikationsweisen einstellen. Durchdachte, lebensnahe Bildungsprogramme steigern und sichern die Produktivit\u00e4t<a class=\"readmore\" href=\"https:\/\/mm-hrd.com\/de\/leistungen\/training\/\">Weiterlesen<\/a><\/p>\n","protected":false},"author":2,"featured_media":197,"parent":203,"menu_order":3,"comment_status":"closed","ping_status":"closed","template":"","meta":{"footnotes":""},"class_list":["post-71","page","type-page","status-publish","has-post-thumbnail","hentry"],"_links":{"self":[{"href":"https:\/\/mm-hrd.com\/de\/wp-json\/wp\/v2\/pages\/71","targetHints":{"allow":["GET"]}}],"collection":[{"href":"https:\/\/mm-hrd.com\/de\/wp-json\/wp\/v2\/pages"}],"about":[{"href":"https:\/\/mm-hrd.com\/de\/wp-json\/wp\/v2\/types\/page"}],"author":[{"embeddable":true,"href":"https:\/\/mm-hrd.com\/de\/wp-json\/wp\/v2\/users\/2"}],"replies":[{"embeddable":true,"href":"https:\/\/mm-hrd.com\/de\/wp-json\/wp\/v2\/comments?post=71"}],"version-history":[{"count":1,"href":"https:\/\/mm-hrd.com\/de\/wp-json\/wp\/v2\/pages\/71\/revisions"}],"predecessor-version":[{"id":321,"href":"https:\/\/mm-hrd.com\/de\/wp-json\/wp\/v2\/pages\/71\/revisions\/321"}],"up":[{"embeddable":true,"href":"https:\/\/mm-hrd.com\/de\/wp-json\/wp\/v2\/pages\/203"}],"wp:featuredmedia":[{"embeddable":true,"href":"https:\/\/mm-hrd.com\/de\/wp-json\/wp\/v2\/media\/197"}],"wp:attachment":[{"href":"https:\/\/mm-hrd.com\/de\/wp-json\/wp\/v2\/media?parent=71"}],"curies":[{"name":"wp","href":"https:\/\/api.w.org\/{rel}","templated":true}]}}