{"id":73,"date":"2023-02-01T17:36:04","date_gmt":"2023-02-01T16:36:04","guid":{"rendered":"http:\/\/www.sktestserver.de\/mschubert\/?page_id=73"},"modified":"2023-02-13T16:00:42","modified_gmt":"2023-02-13T15:00:42","slug":"coaching","status":"publish","type":"page","link":"https:\/\/mm-hrd.com\/de\/leistungen\/coaching\/","title":{"rendered":"Coaching"},"content":{"rendered":"<p>Wenn man sich auf etwas verlassen kann, dann drauf, dass nichts bleibt, wie es war. Ver\u00e4nderungen sind Alltag. Mitunter sind sie das Ergebnis unserer Eigeninitiative, wenn wir uns weiterentwickeln. Oft werden sie vom Umfeld getrieben. Und h\u00e4ufig erzeugen sie Irritationen, \u00c4ngste oder Konflikte. <\/p>\n<p>Das muss nicht ein. Ver\u00e4nderungen haben Ursachen und stehen in einem Kontext, den zu \u00fcberblicken f\u00fcr den Einzelnen aus seiner eingeschr\u00e4nkten Perspektive kaum m\u00f6glich ist. Jemandem mit dem distanzierten Blick von au\u00dfen, gewisserma\u00dfen aus der Vogelperspektive, f\u00e4llt das leichter \u2013 und so jemand ist dann auch in der Lage, diesen Kontext zu erfassen, zu beschreiben und zu vermitteln. Martina Schubert ist so eine Person. Sie bietet systemisches Coaching an, das dabei hilft, das gro\u00dfe Ganze besser zu verstehen und nachzuvollziehen, warum und wie Ver\u00e4nderungen stattfinden. Ziel ist die pers\u00f6nliche Orientierung des Einzelnen \u2013 Orientierung f\u00fcr die eigene Karriere oder f\u00fcr das Leben und Arbeiten auch im Ausland, f\u00fcr die individuelle Zielfindung und vieles mehr. <\/p>\n","protected":false},"excerpt":{"rendered":"<p>Wenn man sich auf etwas verlassen kann, dann drauf, dass nichts bleibt, wie es war. Ver\u00e4nderungen sind Alltag. Mitunter sind sie das Ergebnis unserer Eigeninitiative, wenn wir uns weiterentwickeln. Oft werden sie vom Umfeld getrieben. Und h\u00e4ufig erzeugen sie Irritationen, \u00c4ngste oder Konflikte. Das muss nicht ein. Ver\u00e4nderungen haben Ursachen und stehen in einem Kontext,<a class=\"readmore\" href=\"https:\/\/mm-hrd.com\/de\/leistungen\/coaching\/\">Weiterlesen<\/a><\/p>\n","protected":false},"author":2,"featured_media":197,"parent":203,"menu_order":4,"comment_status":"closed","ping_status":"closed","template":"","meta":{"footnotes":""},"class_list":["post-73","page","type-page","status-publish","has-post-thumbnail","hentry"],"_links":{"self":[{"href":"https:\/\/mm-hrd.com\/de\/wp-json\/wp\/v2\/pages\/73","targetHints":{"allow":["GET"]}}],"collection":[{"href":"https:\/\/mm-hrd.com\/de\/wp-json\/wp\/v2\/pages"}],"about":[{"href":"https:\/\/mm-hrd.com\/de\/wp-json\/wp\/v2\/types\/page"}],"author":[{"embeddable":true,"href":"https:\/\/mm-hrd.com\/de\/wp-json\/wp\/v2\/users\/2"}],"replies":[{"embeddable":true,"href":"https:\/\/mm-hrd.com\/de\/wp-json\/wp\/v2\/comments?post=73"}],"version-history":[{"count":1,"href":"https:\/\/mm-hrd.com\/de\/wp-json\/wp\/v2\/pages\/73\/revisions"}],"predecessor-version":[{"id":320,"href":"https:\/\/mm-hrd.com\/de\/wp-json\/wp\/v2\/pages\/73\/revisions\/320"}],"up":[{"embeddable":true,"href":"https:\/\/mm-hrd.com\/de\/wp-json\/wp\/v2\/pages\/203"}],"wp:featuredmedia":[{"embeddable":true,"href":"https:\/\/mm-hrd.com\/de\/wp-json\/wp\/v2\/media\/197"}],"wp:attachment":[{"href":"https:\/\/mm-hrd.com\/de\/wp-json\/wp\/v2\/media?parent=73"}],"curies":[{"name":"wp","href":"https:\/\/api.w.org\/{rel}","templated":true}]}}