{"id":75,"date":"2023-02-01T17:37:06","date_gmt":"2023-02-01T16:37:06","guid":{"rendered":"http:\/\/www.sktestserver.de\/mschubert\/?page_id=75"},"modified":"2023-02-13T16:00:58","modified_gmt":"2023-02-13T15:00:58","slug":"talent-management","status":"publish","type":"page","link":"https:\/\/mm-hrd.com\/de\/leistungen\/talent-management\/","title":{"rendered":"Talent-Management"},"content":{"rendered":"<p>International t\u00e4tige Organisationen m\u00fcssen besonders vorausschauend planen \u2013 \u00fcber L\u00e4ndergrenzen hinweg und weit in die Zukunft hinein. In der Personalplanung hat sich jedoch der alte Spruch bew\u00e4hrt: Warum in die Ferne schweifen \u2026. Denn es hat sich erwiesen, dass es bei der Suche nach qualifizierungsf\u00e4higem Personal und potenziellen F\u00fchrungskr\u00e4ften sinnvoll ist, zun\u00e4chst aufmerksam durch die Reihen der eigenen Belegschaft zu gehen. <\/p>\n<p>Martina Schubert ber\u00e4t Sie dabei, Begabungen unter Ihren Mitarbeiterinnen und Mitarbeitern zu erkennen, deren St\u00e4rken zu st\u00e4rken und sie auf herausfordernde neue Aufgaben vorzubereiten. Wichtig ist zu erkennen, wer zum Generalisten taugt oder eher zur Detailversessenheit neigt und wessen Kommunikationsf\u00e4higkeit, Stressresistenz und Frustrationstoleranz ausreicht, um auch international arbeiten zu k\u00f6nnen. Die Erfahrung zeigt, dass viele Organisationen buchst\u00e4blich auf einem Berg von Diamanten sitzen und das nicht sehen \u2013 weil sie betriebsblind geworden sind und sich an den Anblick gew\u00f6hnt haben. Schauen Sie gemeinsam mit Martina Schubert  genauer hin. Sie werden staunen, welche Potenzialtr\u00e4ger Sie direkt vor der Nase haben.<\/p>\n","protected":false},"excerpt":{"rendered":"<p>International t\u00e4tige Organisationen m\u00fcssen besonders vorausschauend planen \u2013 \u00fcber L\u00e4ndergrenzen hinweg und weit in die Zukunft hinein. In der Personalplanung hat sich jedoch der alte Spruch bew\u00e4hrt: Warum in die Ferne schweifen \u2026. Denn es hat sich erwiesen, dass es bei der Suche nach qualifizierungsf\u00e4higem Personal und potenziellen F\u00fchrungskr\u00e4ften sinnvoll ist, zun\u00e4chst aufmerksam durch die<a class=\"readmore\" href=\"https:\/\/mm-hrd.com\/de\/leistungen\/talent-management\/\">Weiterlesen<\/a><\/p>\n","protected":false},"author":2,"featured_media":197,"parent":203,"menu_order":2,"comment_status":"closed","ping_status":"closed","template":"","meta":{"footnotes":""},"class_list":["post-75","page","type-page","status-publish","has-post-thumbnail","hentry"],"_links":{"self":[{"href":"https:\/\/mm-hrd.com\/de\/wp-json\/wp\/v2\/pages\/75","targetHints":{"allow":["GET"]}}],"collection":[{"href":"https:\/\/mm-hrd.com\/de\/wp-json\/wp\/v2\/pages"}],"about":[{"href":"https:\/\/mm-hrd.com\/de\/wp-json\/wp\/v2\/types\/page"}],"author":[{"embeddable":true,"href":"https:\/\/mm-hrd.com\/de\/wp-json\/wp\/v2\/users\/2"}],"replies":[{"embeddable":true,"href":"https:\/\/mm-hrd.com\/de\/wp-json\/wp\/v2\/comments?post=75"}],"version-history":[{"count":1,"href":"https:\/\/mm-hrd.com\/de\/wp-json\/wp\/v2\/pages\/75\/revisions"}],"predecessor-version":[{"id":322,"href":"https:\/\/mm-hrd.com\/de\/wp-json\/wp\/v2\/pages\/75\/revisions\/322"}],"up":[{"embeddable":true,"href":"https:\/\/mm-hrd.com\/de\/wp-json\/wp\/v2\/pages\/203"}],"wp:featuredmedia":[{"embeddable":true,"href":"https:\/\/mm-hrd.com\/de\/wp-json\/wp\/v2\/media\/197"}],"wp:attachment":[{"href":"https:\/\/mm-hrd.com\/de\/wp-json\/wp\/v2\/media?parent=75"}],"curies":[{"name":"wp","href":"https:\/\/api.w.org\/{rel}","templated":true}]}}