{"id":160,"date":"2023-02-01T15:58:11","date_gmt":"2023-02-01T14:58:11","guid":{"rendered":"http:\/\/www.sktestserver.de\/mschubert\/?page_id=160"},"modified":"2023-02-13T16:23:49","modified_gmt":"2023-02-13T15:23:49","slug":"conseil","status":"publish","type":"page","link":"https:\/\/mm-hrd.com\/fr\/prestations\/conseil\/","title":{"rendered":"Conseil"},"content":{"rendered":"<p>Les routines ancr\u00e9es dans le quotidien et les habitudes irrationnelles au sein des comportements ou attitudes emp\u00eachent souvent le d\u00e9veloppement et la collaboration entre individus. Les employ\u00e9s et leurs m\u00e9thodes de travail, leur ouverture d\u2019esprit face \u00e0 la nouveaut\u00e9 ainsi que leur flexibilit\u00e9 personnelle sont alors la cl\u00e9 pour davantage d\u2019efficacit\u00e9 et de performance.  <\/p>\n<p>Martina Schubert informe, motive et conseille les \u00e9quipes et chaque collaborateur. Elle coordonne et dirige \u00e9galement la conception et la mise en pratique de l\u2019int\u00e9gralit\u00e9 des mesures de formation. <\/p>\n<p>Les champs th\u00e9matiques incluent, entre autres, la formation professionnelle, la formation continue ainsi que la formation de cadres dirigeants, le soutien individuel des employ\u00e9s, la s\u00e9lection et int\u00e9gration de personnel, la convention de performance et d\u2019\u00e9valuation, la planification de carri\u00e8re et de suivi, les missions \u00e0 l\u2019\u00e9tranger et tutorat ainsi que des th\u00e8mes concernant le d\u00e9veloppement de l\u2019organisation tels que la gestion du changement, les concepts d\u2019\u00e9quipe, l\u2019\u00e9valuation des structures et processus, l\u2019accompagnement de modifications et le d\u00e9veloppement d\u2019\u00e9quipe. Cela inclut \u00e9galement des sujets tels que le d\u00e9veloppement \u00e9conomique durable,  l\u2019aide \u00e0 l\u2019emploi, le gendre, le d\u00e9veloppement de cursus et l\u2019apprentissage de l\u2019action. <\/p>\n<p>Chacun de ces th\u00e8mes peut \u00eatre impl\u00e9ment\u00e9 internationalement et mis en \u0153uvre avec un savoir-faire interculturel.<\/p>\n","protected":false},"excerpt":{"rendered":"<p>Les routines ancr\u00e9es dans le quotidien et les habitudes irrationnelles au sein des comportements ou attitudes emp\u00eachent souvent le d\u00e9veloppement et la collaboration entre individus. Les employ\u00e9s et leurs m\u00e9thodes de travail, leur ouverture d\u2019esprit face \u00e0 la nouveaut\u00e9 ainsi que leur flexibilit\u00e9 personnelle sont alors la cl\u00e9 pour davantage d\u2019efficacit\u00e9 et de performance. Martina<a class=\"readmore\" href=\"https:\/\/mm-hrd.com\/fr\/prestations\/conseil\/\">Weiterlesen<\/a><\/p>\n","protected":false},"author":2,"featured_media":197,"parent":203,"menu_order":0,"comment_status":"closed","ping_status":"closed","template":"","meta":{"footnotes":""},"class_list":["post-160","page","type-page","status-publish","has-post-thumbnail","hentry"],"_links":{"self":[{"href":"https:\/\/mm-hrd.com\/fr\/wp-json\/wp\/v2\/pages\/160","targetHints":{"allow":["GET"]}}],"collection":[{"href":"https:\/\/mm-hrd.com\/fr\/wp-json\/wp\/v2\/pages"}],"about":[{"href":"https:\/\/mm-hrd.com\/fr\/wp-json\/wp\/v2\/types\/page"}],"author":[{"embeddable":true,"href":"https:\/\/mm-hrd.com\/fr\/wp-json\/wp\/v2\/users\/2"}],"replies":[{"embeddable":true,"href":"https:\/\/mm-hrd.com\/fr\/wp-json\/wp\/v2\/comments?post=160"}],"version-history":[{"count":2,"href":"https:\/\/mm-hrd.com\/fr\/wp-json\/wp\/v2\/pages\/160\/revisions"}],"predecessor-version":[{"id":313,"href":"https:\/\/mm-hrd.com\/fr\/wp-json\/wp\/v2\/pages\/160\/revisions\/313"}],"up":[{"embeddable":true,"href":"https:\/\/mm-hrd.com\/fr\/wp-json\/wp\/v2\/pages\/203"}],"wp:featuredmedia":[{"embeddable":true,"href":"https:\/\/mm-hrd.com\/fr\/wp-json\/wp\/v2\/media\/197"}],"wp:attachment":[{"href":"https:\/\/mm-hrd.com\/fr\/wp-json\/wp\/v2\/media?parent=160"}],"curies":[{"name":"wp","href":"https:\/\/api.w.org\/{rel}","templated":true}]}}