{"id":163,"date":"2023-02-01T15:58:58","date_gmt":"2023-02-01T14:58:58","guid":{"rendered":"http:\/\/www.sktestserver.de\/mschubert\/?page_id=163"},"modified":"2023-02-13T16:23:41","modified_gmt":"2023-02-13T15:23:41","slug":"gestion-de-projet","status":"publish","type":"page","link":"https:\/\/mm-hrd.com\/fr\/prestations\/gestion-de-projet\/","title":{"rendered":"Gestion de projet"},"content":{"rendered":"<p>Un projet est quelque chose qui, jusqu\u2019aujourd\u2019hui, n\u2018existait pas sous sa forme actuelle, quelque chose qui devance son temps et son environnement. Ceci doit donc \u00eatre mani\u00e9 de sorte \u00e0 ne pas engendrer d\u2019irritation, de peurs, de frictions ou de conflits au sein des groupes ou parmi les personnes qui y participent. Laissez-nous donc vous soutenir d\u00e8s la phase de planification, de sorte \u00e0 ce que de nombreux th\u00e8mes puissent \u00eatre abord\u00e9s et pris en compte d\u00e8s le d\u00e9but. <\/p>\n<p>Martina Schubert vous aide \u00e0 planifier vos projets ainsi que les processus relatifs \u00e0 mettre en \u0153uvre dans leur ensemble et de fa\u00e7on durable. Au cours de s\u00e9minaires ou d\u2019entretiens individuels avec les diff\u00e9rents groupes ou personnes concern\u00e9s, elle analyse la situation initiale le plus t\u00f4t possible en prenant en compte les peurs et autres obstacles, et identifie les d\u00e9marches appropri\u00e9es. <\/p>\n<p>Les connaissances pr\u00e9\u00e9tablies de tous les participants sont une base importante pour tout changement. La modification en \u00e9mane. Martina Schubert accompagne les acteurs dans la mise en \u0153uvre et les aide, en tant que partenaire neutre d\u2019interaction, \u00e0 contr\u00f4ler les \u00e9tapes une \u00e0 une. Elle observe et documente les effets de chaque \u00e9tape du processus, mesure la r\u00e9alisation des indicateurs et les compare avec la situation initiale. Les changements sont-ils le r\u00e9sultat des mesures prises pour le projet ou celui d\u2019autres facteurs ? Martina Schubert travaille avec les instruments de suivi des impacts, de contr\u00f4le de l\u2019avancement du projet et de l\u2019\u00e9valuation, et toujours avec la perspective professionnelle ext\u00e9rieure.<\/p>\n","protected":false},"excerpt":{"rendered":"<p>Un projet est quelque chose qui, jusqu\u2019aujourd\u2019hui, n\u2018existait pas sous sa forme actuelle, quelque chose qui devance son temps et son environnement. Ceci doit donc \u00eatre mani\u00e9 de sorte \u00e0 ne pas engendrer d\u2019irritation, de peurs, de frictions ou de conflits au sein des groupes ou parmi les personnes qui y participent. Laissez-nous donc vous<a class=\"readmore\" href=\"https:\/\/mm-hrd.com\/fr\/prestations\/gestion-de-projet\/\">Weiterlesen<\/a><\/p>\n","protected":false},"author":2,"featured_media":197,"parent":203,"menu_order":1,"comment_status":"closed","ping_status":"closed","template":"","meta":{"footnotes":""},"class_list":["post-163","page","type-page","status-publish","has-post-thumbnail","hentry"],"_links":{"self":[{"href":"https:\/\/mm-hrd.com\/fr\/wp-json\/wp\/v2\/pages\/163","targetHints":{"allow":["GET"]}}],"collection":[{"href":"https:\/\/mm-hrd.com\/fr\/wp-json\/wp\/v2\/pages"}],"about":[{"href":"https:\/\/mm-hrd.com\/fr\/wp-json\/wp\/v2\/types\/page"}],"author":[{"embeddable":true,"href":"https:\/\/mm-hrd.com\/fr\/wp-json\/wp\/v2\/users\/2"}],"replies":[{"embeddable":true,"href":"https:\/\/mm-hrd.com\/fr\/wp-json\/wp\/v2\/comments?post=163"}],"version-history":[{"count":3,"href":"https:\/\/mm-hrd.com\/fr\/wp-json\/wp\/v2\/pages\/163\/revisions"}],"predecessor-version":[{"id":315,"href":"https:\/\/mm-hrd.com\/fr\/wp-json\/wp\/v2\/pages\/163\/revisions\/315"}],"up":[{"embeddable":true,"href":"https:\/\/mm-hrd.com\/fr\/wp-json\/wp\/v2\/pages\/203"}],"wp:featuredmedia":[{"embeddable":true,"href":"https:\/\/mm-hrd.com\/fr\/wp-json\/wp\/v2\/media\/197"}],"wp:attachment":[{"href":"https:\/\/mm-hrd.com\/fr\/wp-json\/wp\/v2\/media?parent=163"}],"curies":[{"name":"wp","href":"https:\/\/api.w.org\/{rel}","templated":true}]}}