{"id":202,"date":"2023-02-01T16:39:19","date_gmt":"2023-02-01T15:39:19","guid":{"rendered":"http:\/\/www.sevenminds.de\/preview\/schubert\/?page_id=2"},"modified":"2023-02-13T16:24:16","modified_gmt":"2023-02-13T15:24:16","slug":"beispiel-seite-2","status":"publish","type":"page","link":"https:\/\/mm-hrd.com\/fr\/","title":{"rendered":"Home"},"content":{"rendered":"<p class=\"short\">\nMartina Schubert travaille dans le domaine du d\u00e9veloppement des ressources humaines et de l\u2019organisation. Depuis plus de 25 ans, elle travaille pour des entreprises, des administrations publiques et des organismes \u00e0 but non lucratif dans plus de 30 pays.\n<\/p>\n<p class=\"extended\">\nElle a accumul\u00e9 un large \u00e9ventail de savoir-faire interculturel ainsi qu\u2019une vari\u00e9t\u00e9 d\u2019exp\u00e9riences qu\u2019elle  a combin\u00e9 avec sa profonde expertise scientifique. Cette combinaison lui permet aujourd\u2019hui d\u2019appr\u00e9hender de fa\u00e7on sensible les exigences concr\u00e8tes d\u2019une situation, de d\u00e9velopper une strat\u00e9gie de r\u00e9solution appropri\u00e9e \u00e0 chacune et de l\u2019impl\u00e9menter avec  empathie pour les individus et leurs besoins ainsi que de l\u2019accompagner et l\u2019ancrer de fa\u00e7on durable dans les respectives structures organisationnelles, entreprises, administrations et organismes \u00e0 but non lucratif.\n<\/p>\n<div id=\"extend\">\n<a href=\"javascript:void(0)\">+<\/a>\n<\/div>\n","protected":false},"excerpt":{"rendered":"<p>Martina Schubert travaille dans le domaine du d\u00e9veloppement des ressources humaines et de l\u2019organisation. Depuis plus de 25 ans, elle travaille pour des entreprises, des administrations publiques et des organismes \u00e0 but non lucratif dans plus de 30 pays. Elle a accumul\u00e9 un large \u00e9ventail de savoir-faire interculturel ainsi qu\u2019une vari\u00e9t\u00e9 d\u2019exp\u00e9riences qu\u2019elle a combin\u00e9<a class=\"readmore\" href=\"https:\/\/mm-hrd.com\/fr\/\">Weiterlesen<\/a><\/p>\n","protected":false},"author":2,"featured_media":200,"parent":0,"menu_order":0,"comment_status":"open","ping_status":"open","template":"startseite.php","meta":{"footnotes":""},"class_list":["post-202","page","type-page","status-publish","has-post-thumbnail","hentry"],"_links":{"self":[{"href":"https:\/\/mm-hrd.com\/fr\/wp-json\/wp\/v2\/pages\/202","targetHints":{"allow":["GET"]}}],"collection":[{"href":"https:\/\/mm-hrd.com\/fr\/wp-json\/wp\/v2\/pages"}],"about":[{"href":"https:\/\/mm-hrd.com\/fr\/wp-json\/wp\/v2\/types\/page"}],"author":[{"embeddable":true,"href":"https:\/\/mm-hrd.com\/fr\/wp-json\/wp\/v2\/users\/2"}],"replies":[{"embeddable":true,"href":"https:\/\/mm-hrd.com\/fr\/wp-json\/wp\/v2\/comments?post=202"}],"version-history":[{"count":3,"href":"https:\/\/mm-hrd.com\/fr\/wp-json\/wp\/v2\/pages\/202\/revisions"}],"predecessor-version":[{"id":303,"href":"https:\/\/mm-hrd.com\/fr\/wp-json\/wp\/v2\/pages\/202\/revisions\/303"}],"wp:featuredmedia":[{"embeddable":true,"href":"https:\/\/mm-hrd.com\/fr\/wp-json\/wp\/v2\/media\/200"}],"wp:attachment":[{"href":"https:\/\/mm-hrd.com\/fr\/wp-json\/wp\/v2\/media?parent=202"}],"curies":[{"name":"wp","href":"https:\/\/api.w.org\/{rel}","templated":true}]}}