{"id":203,"date":"2023-02-01T21:40:12","date_gmt":"2023-02-01T20:40:12","guid":{"rendered":"http:\/\/www.sevenminds.de\/preview\/schubert\/?page_id=5"},"modified":"2023-02-13T16:23:56","modified_gmt":"2023-02-13T15:23:56","slug":"prestations","status":"publish","type":"page","link":"https:\/\/mm-hrd.com\/fr\/prestations\/","title":{"rendered":"Prestations"},"content":{"rendered":"<p>Martina Schubert soutient et conseille les organisations dans tous les domaines internationaux du d\u00e9veloppement des ressources humaines et de l\u2019organisation et cela \u00e0 diff\u00e9rents niveaux. <\/p>\n<p>En politique et \u00e9conomie, par exemple, elle conseille les cadres sur les m\u00e9thodes permettant d\u2019effectuer des changements concrets et sur les mesures menant \u00e0 l\u2019objectif. Quant \u00e0 la mise en \u0153uvre, elle soutient les employ\u00e9s \u00e0 trouver des moyens pour g\u00e9rer le changement et \u00eatre aptes \u00e0 relever les nouveaux d\u00e9fis. Dans ce contexte, elle rend chaque individu capable de faire face aux changements de fa\u00e7on proactive. <\/p>\n<p>Ainsi, les conseils de Martina Schubert consistent essentiellement en une combinaison de recommandations techniques et de processus fa\u00e7onn\u00e9s au cas par cas.<\/p>\n","protected":false},"excerpt":{"rendered":"<p>Martina Schubert soutient et conseille les organisations dans tous les domaines internationaux du d\u00e9veloppement des ressources humaines et de l\u2019organisation et cela \u00e0 diff\u00e9rents niveaux. En politique et \u00e9conomie, par exemple, elle conseille les cadres sur les m\u00e9thodes permettant d\u2019effectuer des changements concrets et sur les mesures menant \u00e0 l\u2019objectif. Quant \u00e0 la mise en<a class=\"readmore\" href=\"https:\/\/mm-hrd.com\/fr\/prestations\/\">Weiterlesen<\/a><\/p>\n","protected":false},"author":2,"featured_media":197,"parent":0,"menu_order":0,"comment_status":"open","ping_status":"open","template":"page_zweispaltigertext.php","meta":{"footnotes":""},"class_list":["post-203","page","type-page","status-publish","has-post-thumbnail","hentry"],"_links":{"self":[{"href":"https:\/\/mm-hrd.com\/fr\/wp-json\/wp\/v2\/pages\/203","targetHints":{"allow":["GET"]}}],"collection":[{"href":"https:\/\/mm-hrd.com\/fr\/wp-json\/wp\/v2\/pages"}],"about":[{"href":"https:\/\/mm-hrd.com\/fr\/wp-json\/wp\/v2\/types\/page"}],"author":[{"embeddable":true,"href":"https:\/\/mm-hrd.com\/fr\/wp-json\/wp\/v2\/users\/2"}],"replies":[{"embeddable":true,"href":"https:\/\/mm-hrd.com\/fr\/wp-json\/wp\/v2\/comments?post=203"}],"version-history":[{"count":2,"href":"https:\/\/mm-hrd.com\/fr\/wp-json\/wp\/v2\/pages\/203\/revisions"}],"predecessor-version":[{"id":312,"href":"https:\/\/mm-hrd.com\/fr\/wp-json\/wp\/v2\/pages\/203\/revisions\/312"}],"wp:featuredmedia":[{"embeddable":true,"href":"https:\/\/mm-hrd.com\/fr\/wp-json\/wp\/v2\/media\/197"}],"wp:attachment":[{"href":"https:\/\/mm-hrd.com\/fr\/wp-json\/wp\/v2\/media?parent=203"}],"curies":[{"name":"wp","href":"https:\/\/api.w.org\/{rel}","templated":true}]}}