{"id":230,"date":"2023-02-01T23:52:19","date_gmt":"2023-02-01T22:52:19","guid":{"rendered":"http:\/\/www.sktestserver.de\/mschubert\/?page_id=230"},"modified":"2025-09-01T14:02:04","modified_gmt":"2025-09-01T12:02:04","slug":"mention-legales","status":"publish","type":"page","link":"https:\/\/mm-hrd.com\/fr\/mention-legales\/","title":{"rendered":"Mention l\u00e9gales"},"content":{"rendered":"<p>Responsable du contenu: <\/p>\n<p>Dr. Martina Schubert geb. Maier<br \/>\nInternational Human Resource Development<br \/>\nOranienburger Strasse 12, 10178 Berlin, Germany<br \/>\nT\u00e9l\u00e9phone: +49 (0)173 54 20 533<br \/>\nT\u00e9l\u00e9fax: +49 (0)30 28 38 99 37<br \/>\ne-Mail: <a href=\"mailto:schubert@mm-hrd.com\">schubert@mm-hrd.com<\/a><\/p>\n<p><strong>Remarques:<\/strong><br \/>\nPour les liens vers des sites externes, nous n&rsquo;assumons aucune responsabilit\u00e9. Nous n&rsquo;avons aucun contr\u00f4le sur le contenu des sites externes. Sont seuls responsables pour le contenu des sites externes.<\/p>\n<p><strong>Clause de gendre<\/strong><br \/>\nLa forme f\u00e9minine est \u00e9quivalente au masculin sur ce site; la forme masculine pr\u00e9domine uniquement pour des raisons de simplification. <\/p>\n<p><strong>Conception et la Programmation Web:<\/strong><br \/>\n<a href=\"https:\/\/sebastian-klammer.de\/webdesign-berlin\/\" target=\"_blank\" title=\"Webdesign Berlin\">Webdesign Berlin : Sebastian Klammer Grafikdesign<\/a><\/p>\n<p><strong>Photos:<\/strong><br \/>\nDie Hoffotografen<br \/>\n<a href=\"https:\/\/hoffotografen.de\" target=\"_blank\" rel=\"noopener\">www.hoffotografen.de<\/a><\/p>\n","protected":false},"excerpt":{"rendered":"<p>Responsable du contenu: Dr. Martina Schubert geb. Maier International Human Resource Development Oranienburger Strasse 12, 10178 Berlin, Germany T\u00e9l\u00e9phone: +49 (0)173 54 20 533 T\u00e9l\u00e9fax: +49 (0)30 28 38 99 37 e-Mail: schubert@mm-hrd.com Remarques: Pour les liens vers des sites externes, nous n&rsquo;assumons aucune responsabilit\u00e9. Nous n&rsquo;avons aucun contr\u00f4le sur le contenu des sites externes.<a class=\"readmore\" href=\"https:\/\/mm-hrd.com\/fr\/mention-legales\/\">Weiterlesen<\/a><\/p>\n","protected":false},"author":2,"featured_media":199,"parent":0,"menu_order":0,"comment_status":"closed","ping_status":"closed","template":"page_zweispaltigertext.php","meta":{"footnotes":""},"class_list":["post-230","page","type-page","status-publish","has-post-thumbnail","hentry"],"_links":{"self":[{"href":"https:\/\/mm-hrd.com\/fr\/wp-json\/wp\/v2\/pages\/230","targetHints":{"allow":["GET"]}}],"collection":[{"href":"https:\/\/mm-hrd.com\/fr\/wp-json\/wp\/v2\/pages"}],"about":[{"href":"https:\/\/mm-hrd.com\/fr\/wp-json\/wp\/v2\/types\/page"}],"author":[{"embeddable":true,"href":"https:\/\/mm-hrd.com\/fr\/wp-json\/wp\/v2\/users\/2"}],"replies":[{"embeddable":true,"href":"https:\/\/mm-hrd.com\/fr\/wp-json\/wp\/v2\/comments?post=230"}],"version-history":[{"count":11,"href":"https:\/\/mm-hrd.com\/fr\/wp-json\/wp\/v2\/pages\/230\/revisions"}],"predecessor-version":[{"id":350,"href":"https:\/\/mm-hrd.com\/fr\/wp-json\/wp\/v2\/pages\/230\/revisions\/350"}],"wp:featuredmedia":[{"embeddable":true,"href":"https:\/\/mm-hrd.com\/fr\/wp-json\/wp\/v2\/media\/199"}],"wp:attachment":[{"href":"https:\/\/mm-hrd.com\/fr\/wp-json\/wp\/v2\/media?parent=230"}],"curies":[{"name":"wp","href":"https:\/\/api.w.org\/{rel}","templated":true}]}}