{"id":57,"date":"2023-02-01T05:06:46","date_gmt":"2023-02-01T04:06:46","guid":{"rendered":"http:\/\/www.sevenminds.de\/preview\/schubert\/?page_id=57"},"modified":"2023-02-13T16:22:44","modified_gmt":"2023-02-13T15:22:44","slug":"developpement-des-ressources-humaines","status":"publish","type":"page","link":"https:\/\/mm-hrd.com\/fr\/themes\/developpement-des-ressources-humaines\/","title":{"rendered":"D\u00e9veloppement des ressources humaines"},"content":{"rendered":"<p>Le monde du travail \u00e9volue \u00e0 l&rsquo;\u00e9chelle mondiale. Les profils d\u2019emplois g\u00e9n\u00e9raux et les demandes individuelles changent de plus en plus rapidement. Les employ\u00e9s se voient toujours davantage confront\u00e9s \u00e0 de nouveaux d\u00e9fis. Beaucoup de ce que quelqu\u2019un a appris au cours de sa formation professionnelle ou le savoir et les comp\u00e9tences acquises durant les ann\u00e9es suivantes ne sera, selon toute vraisemblance, bient\u00f4t plus demand\u00e9. Celui qui veut trouver son chemin dans ce labyrinthe doit suivre la mutation avec flexibilit\u00e9 ou participer au fa\u00e7onnage.  <\/p>\n<p>Cependant, comment s\u2019orienter? Martina Schubert a accompagn\u00e9 le processus de d\u00e9veloppement des ressources humaines de nombreuses entreprises, administrations et organisations \u00e0 travers le monde. Elle connait leur besoins de d\u00e9veloppement autant que les diverses et multiples pierres d\u2019achoppement sur le chemin vers l\u2019objectif. Les processus doivent \u00eatre optimis\u00e9s ou red\u00e9finis. Quelles sont les comp\u00e9tences que les individus en charge de ces changements doivent avoir? Le personnel appropri\u00e9 doit \u00eatre identifi\u00e9 et recrut\u00e9 et le potentiel parmi la main-d\u2019\u0153uvre existante doit \u00eatre reconnu et cultiv\u00e9. <\/p>\n<p>Ce qui aide sont des syst\u00e8mes d\u2019\u00e9valuation des performances et d\u2019analyse du potentiel qui sont compris et accept\u00e9s par tous. Martina Schubert soutient les personnes dans la planification de leur carri\u00e8re ou pour initier un changement d\u2019emploi. De plus, elle con\u00e7oit et impl\u00e9mente des programmes de reconversion professionnelle ainsi que d\u2019apprentissage et de formation continue. <\/p>\n<p>Elle planifie conjointement avec vous et votre personnel des mesures personnalis\u00e9es et vous guide tout au long du chemin, avec un jugement strat\u00e9gique et une vision claire de ce qui est faisable. Etape par \u00e9tape. <\/p>\n","protected":false},"excerpt":{"rendered":"<p>Le monde du travail \u00e9volue \u00e0 l&rsquo;\u00e9chelle mondiale. Les profils d\u2019emplois g\u00e9n\u00e9raux et les demandes individuelles changent de plus en plus rapidement. Les employ\u00e9s se voient toujours davantage confront\u00e9s \u00e0 de nouveaux d\u00e9fis. Beaucoup de ce que quelqu\u2019un a appris au cours de sa formation professionnelle ou le savoir et les comp\u00e9tences acquises durant les<a class=\"readmore\" href=\"https:\/\/mm-hrd.com\/fr\/themes\/developpement-des-ressources-humaines\/\">Weiterlesen<\/a><\/p>\n","protected":false},"author":2,"featured_media":196,"parent":7,"menu_order":0,"comment_status":"closed","ping_status":"closed","template":"","meta":{"footnotes":""},"class_list":["post-57","page","type-page","status-publish","has-post-thumbnail","hentry"],"_links":{"self":[{"href":"https:\/\/mm-hrd.com\/fr\/wp-json\/wp\/v2\/pages\/57","targetHints":{"allow":["GET"]}}],"collection":[{"href":"https:\/\/mm-hrd.com\/fr\/wp-json\/wp\/v2\/pages"}],"about":[{"href":"https:\/\/mm-hrd.com\/fr\/wp-json\/wp\/v2\/types\/page"}],"author":[{"embeddable":true,"href":"https:\/\/mm-hrd.com\/fr\/wp-json\/wp\/v2\/users\/2"}],"replies":[{"embeddable":true,"href":"https:\/\/mm-hrd.com\/fr\/wp-json\/wp\/v2\/comments?post=57"}],"version-history":[{"count":3,"href":"https:\/\/mm-hrd.com\/fr\/wp-json\/wp\/v2\/pages\/57\/revisions"}],"predecessor-version":[{"id":309,"href":"https:\/\/mm-hrd.com\/fr\/wp-json\/wp\/v2\/pages\/57\/revisions\/309"}],"up":[{"embeddable":true,"href":"https:\/\/mm-hrd.com\/fr\/wp-json\/wp\/v2\/pages\/7"}],"wp:featuredmedia":[{"embeddable":true,"href":"https:\/\/mm-hrd.com\/fr\/wp-json\/wp\/v2\/media\/196"}],"wp:attachment":[{"href":"https:\/\/mm-hrd.com\/fr\/wp-json\/wp\/v2\/media?parent=57"}],"curies":[{"name":"wp","href":"https:\/\/api.w.org\/{rel}","templated":true}]}}