{"id":71,"date":"2023-02-01T17:32:39","date_gmt":"2023-02-01T16:32:39","guid":{"rendered":"http:\/\/www.sktestserver.de\/mschubert\/?page_id=71"},"modified":"2023-02-13T16:23:24","modified_gmt":"2023-02-13T15:23:24","slug":"formation","status":"publish","type":"page","link":"https:\/\/mm-hrd.com\/fr\/prestations\/formation\/","title":{"rendered":"Formation"},"content":{"rendered":"<p>Les programmes de formation continue et de formation permanente seront bien plus importants dans le futur qu\u2019ils ne le sont d\u00e9j\u00e0. En effet, puisque le monde ext\u00e9rieur se transforme de plus en plus rapidement, les connaissances et comp\u00e9tences acquises pr\u00e9alablement ont une dur\u00e9e d\u2019actualit\u00e9 de plus en plus courte. Les individus doivent constamment s\u2019adapter \u00e0 des processus et modes de communication inhabituels. Des programmes de formation r\u00e9fl\u00e9chis et r\u00e9alistes augmentent et assurent la productivit\u00e9 des employ\u00e9s et leur engagement \u00e0 long terme envers leur employeur. <\/p>\n<p>Martina Schubert planifie des mesures de formation permanente et les met en pratique de sorte \u00e0 ce qu\u2019elles m\u00e8nent \u00e0 des changements durables. En l\u2019occurrence, les exp\u00e9riences des employ\u00e9s sont le point de d\u00e9part auxquels elle se rattache. Cette d\u00e9marche aide les employ\u00e9s \u00e0 refl\u00e9ter leur propre mod\u00e8le et \u00e0 le modifier si n\u00e9cessaire. L\u2019orientation de l\u2019application contribue \u00e0 fortifier l\u2019int\u00e9gration de ce qui a \u00e9t\u00e9 appris dans le quotidien. <\/p>\n<p>Martina Schubert enseigne r\u00e9guli\u00e8rement les sujets de la gestion de soi et du personnel \u00e0 une universit\u00e9 \u00e0 Berlin. Cet horizon hybride d\u2019exp\u00e9rience, d\u2019une part dans l\u2019enseignement et la recherche, d\u2019autre part dans la pratique du travail au sein de diff\u00e9rents environnements culturels et \u00e9conomiques, s\u2019av\u00e8re \u00eatre enrichissant pour tous les participants. D\u2019un c\u00f4t\u00e9, elle transmet son exp\u00e9rience et les tendances actuelles dans les domaines de l\u2019\u00e9conomie, de l\u2019administration publique et du secteur \u00e0 but non lucratif aux \u00e9tudiants. De l\u2019autre, ses clients de tous les domaines b\u00e9n\u00e9ficient des r\u00e9sultats du travail de recherche et de d\u00e9veloppement \u00e0 l\u2019universit\u00e9. Martina Schubert est le lien entre ces deux mondes. <\/p>\n","protected":false},"excerpt":{"rendered":"<p>Les programmes de formation continue et de formation permanente seront bien plus importants dans le futur qu\u2019ils ne le sont d\u00e9j\u00e0. En effet, puisque le monde ext\u00e9rieur se transforme de plus en plus rapidement, les connaissances et comp\u00e9tences acquises pr\u00e9alablement ont une dur\u00e9e d\u2019actualit\u00e9 de plus en plus courte. Les individus doivent constamment s\u2019adapter \u00e0<a class=\"readmore\" href=\"https:\/\/mm-hrd.com\/fr\/prestations\/formation\/\">Weiterlesen<\/a><\/p>\n","protected":false},"author":2,"featured_media":197,"parent":203,"menu_order":3,"comment_status":"closed","ping_status":"closed","template":"","meta":{"footnotes":""},"class_list":["post-71","page","type-page","status-publish","has-post-thumbnail","hentry"],"_links":{"self":[{"href":"https:\/\/mm-hrd.com\/fr\/wp-json\/wp\/v2\/pages\/71","targetHints":{"allow":["GET"]}}],"collection":[{"href":"https:\/\/mm-hrd.com\/fr\/wp-json\/wp\/v2\/pages"}],"about":[{"href":"https:\/\/mm-hrd.com\/fr\/wp-json\/wp\/v2\/types\/page"}],"author":[{"embeddable":true,"href":"https:\/\/mm-hrd.com\/fr\/wp-json\/wp\/v2\/users\/2"}],"replies":[{"embeddable":true,"href":"https:\/\/mm-hrd.com\/fr\/wp-json\/wp\/v2\/comments?post=71"}],"version-history":[{"count":2,"href":"https:\/\/mm-hrd.com\/fr\/wp-json\/wp\/v2\/pages\/71\/revisions"}],"predecessor-version":[{"id":319,"href":"https:\/\/mm-hrd.com\/fr\/wp-json\/wp\/v2\/pages\/71\/revisions\/319"}],"up":[{"embeddable":true,"href":"https:\/\/mm-hrd.com\/fr\/wp-json\/wp\/v2\/pages\/203"}],"wp:featuredmedia":[{"embeddable":true,"href":"https:\/\/mm-hrd.com\/fr\/wp-json\/wp\/v2\/media\/197"}],"wp:attachment":[{"href":"https:\/\/mm-hrd.com\/fr\/wp-json\/wp\/v2\/media?parent=71"}],"curies":[{"name":"wp","href":"https:\/\/api.w.org\/{rel}","templated":true}]}}