{"id":73,"date":"2023-02-01T17:36:04","date_gmt":"2023-02-01T16:36:04","guid":{"rendered":"http:\/\/www.sktestserver.de\/mschubert\/?page_id=73"},"modified":"2023-02-13T16:23:16","modified_gmt":"2023-02-13T15:23:16","slug":"coaching","status":"publish","type":"page","link":"https:\/\/mm-hrd.com\/fr\/prestations\/coaching\/","title":{"rendered":"Coaching"},"content":{"rendered":"<p>Si l\u2019on peut compter sur une chose, alors sur le fait que rien ne reste inchang\u00e9. Les changements sont quotidiens. Parfois, ils sont le r\u00e9sultat de notre propre initiative lorsque nous \u00e9voluons. Souvent, ils sont entra\u00een\u00e9s par l\u2019environnement. Et ils g\u00e9n\u00e8rent fr\u00e9quemment de l\u2019irritation, des peurs ou des conflits. <\/p>\n<p>Cela ne doit pas \u00eatre le cas. Les changements ont des causes et appartiennent \u00e0 un contexte dont une vue d\u2019ensemble n\u2019est gu\u00e8re possible pour chaque individu ayant une perspective limit\u00e9e. Cela est plus facile pour quelqu\u2019un ayant une vue ext\u00e9rieure, autrement dit une vue d\u2019oiseau \u2013 et cette personne externe sera \u00e9galement en mesure d\u2019appr\u00e9hender ce contexte, de le d\u00e9crire et de le communiquer. Martina Schubert correspond \u00e0 ce genre de personne. Elle propose un coaching syst\u00e9mique qui aide \u00e0 mieux comprendre pourquoi et comment les changements se d\u00e9roulent. L\u2019objectif est l\u2019orientation personnelle de l\u2019individu &#8211; l\u2019orientation pour la propre carri\u00e8re ou pour la vie et le travail \u00e0 l\u2019\u00e9tranger, pour l\u2019\u00e9laboration d\u2019objectifs individuels, et bien plus. <\/p>\n","protected":false},"excerpt":{"rendered":"<p>Si l\u2019on peut compter sur une chose, alors sur le fait que rien ne reste inchang\u00e9. Les changements sont quotidiens. Parfois, ils sont le r\u00e9sultat de notre propre initiative lorsque nous \u00e9voluons. Souvent, ils sont entra\u00een\u00e9s par l\u2019environnement. Et ils g\u00e9n\u00e8rent fr\u00e9quemment de l\u2019irritation, des peurs ou des conflits. Cela ne doit pas \u00eatre le<a class=\"readmore\" href=\"https:\/\/mm-hrd.com\/fr\/prestations\/coaching\/\">Weiterlesen<\/a><\/p>\n","protected":false},"author":2,"featured_media":197,"parent":203,"menu_order":4,"comment_status":"closed","ping_status":"closed","template":"","meta":{"footnotes":""},"class_list":["post-73","page","type-page","status-publish","has-post-thumbnail","hentry"],"_links":{"self":[{"href":"https:\/\/mm-hrd.com\/fr\/wp-json\/wp\/v2\/pages\/73","targetHints":{"allow":["GET"]}}],"collection":[{"href":"https:\/\/mm-hrd.com\/fr\/wp-json\/wp\/v2\/pages"}],"about":[{"href":"https:\/\/mm-hrd.com\/fr\/wp-json\/wp\/v2\/types\/page"}],"author":[{"embeddable":true,"href":"https:\/\/mm-hrd.com\/fr\/wp-json\/wp\/v2\/users\/2"}],"replies":[{"embeddable":true,"href":"https:\/\/mm-hrd.com\/fr\/wp-json\/wp\/v2\/comments?post=73"}],"version-history":[{"count":2,"href":"https:\/\/mm-hrd.com\/fr\/wp-json\/wp\/v2\/pages\/73\/revisions"}],"predecessor-version":[{"id":321,"href":"https:\/\/mm-hrd.com\/fr\/wp-json\/wp\/v2\/pages\/73\/revisions\/321"}],"up":[{"embeddable":true,"href":"https:\/\/mm-hrd.com\/fr\/wp-json\/wp\/v2\/pages\/203"}],"wp:featuredmedia":[{"embeddable":true,"href":"https:\/\/mm-hrd.com\/fr\/wp-json\/wp\/v2\/media\/197"}],"wp:attachment":[{"href":"https:\/\/mm-hrd.com\/fr\/wp-json\/wp\/v2\/media?parent=73"}],"curies":[{"name":"wp","href":"https:\/\/api.w.org\/{rel}","templated":true}]}}