{"id":9,"date":"2023-02-02T21:40:33","date_gmt":"2023-02-02T20:40:33","guid":{"rendered":"http:\/\/www.sevenminds.de\/preview\/schubert\/?page_id=9"},"modified":"2023-02-13T16:24:24","modified_gmt":"2023-02-13T15:24:24","slug":"approche","status":"publish","type":"page","link":"https:\/\/mm-hrd.com\/fr\/approche\/","title":{"rendered":"Approche"},"content":{"rendered":"<p>Martina Schubert ne vient pas vers vous avec des concepts et des hypoth\u00e8ses pr\u00e9\u00e9tablies mais plut\u00f4t avec une ouverture d\u2019esprit, une curiosit\u00e9 de s\u2019engager dans de nouvelles situations et la volont\u00e9 de les fa\u00e7onner. Les situations complexes ne sont pas consid\u00e9r\u00e9es de fa\u00e7on isol\u00e9e mais per\u00e7ues dans leurs rapports et interactions. <\/p>\n<p>Pour cela, ses exp\u00e9riences diversifi\u00e9es, son esprit critique et l\u2019augmentation continue de ses instruments sont d\u2019une grande aide. Martina Schubert planifie, r\u00e9alise et \u00e9value de fa\u00e7on m\u00e9thodique, syst\u00e9mique et tourn\u00e9e vers les objectifs. Elle s\u2019oriente donc de fa\u00e7on pragmatique vers les besoins individuels et la faisabilit\u00e9 et combine les conseils techniques et de processus. Selon la nature de la t\u00e2che, elle travaille \u00e9galement en collaboration avec des r\u00e9seaux de partenaires appr\u00e9ci\u00e9s. <\/p>\n","protected":false},"excerpt":{"rendered":"<p>Martina Schubert ne vient pas vers vous avec des concepts et des hypoth\u00e8ses pr\u00e9\u00e9tablies mais plut\u00f4t avec une ouverture d\u2019esprit, une curiosit\u00e9 de s\u2019engager dans de nouvelles situations et la volont\u00e9 de les fa\u00e7onner. Les situations complexes ne sont pas consid\u00e9r\u00e9es de fa\u00e7on isol\u00e9e mais per\u00e7ues dans leurs rapports et interactions. Pour cela, ses exp\u00e9riences<a class=\"readmore\" href=\"https:\/\/mm-hrd.com\/fr\/approche\/\">Weiterlesen<\/a><\/p>\n","protected":false},"author":2,"featured_media":198,"parent":0,"menu_order":0,"comment_status":"open","ping_status":"open","template":"","meta":{"footnotes":""},"class_list":["post-9","page","type-page","status-publish","has-post-thumbnail","hentry"],"_links":{"self":[{"href":"https:\/\/mm-hrd.com\/fr\/wp-json\/wp\/v2\/pages\/9","targetHints":{"allow":["GET"]}}],"collection":[{"href":"https:\/\/mm-hrd.com\/fr\/wp-json\/wp\/v2\/pages"}],"about":[{"href":"https:\/\/mm-hrd.com\/fr\/wp-json\/wp\/v2\/types\/page"}],"author":[{"embeddable":true,"href":"https:\/\/mm-hrd.com\/fr\/wp-json\/wp\/v2\/users\/2"}],"replies":[{"embeddable":true,"href":"https:\/\/mm-hrd.com\/fr\/wp-json\/wp\/v2\/comments?post=9"}],"version-history":[{"count":3,"href":"https:\/\/mm-hrd.com\/fr\/wp-json\/wp\/v2\/pages\/9\/revisions"}],"predecessor-version":[{"id":322,"href":"https:\/\/mm-hrd.com\/fr\/wp-json\/wp\/v2\/pages\/9\/revisions\/322"}],"wp:featuredmedia":[{"embeddable":true,"href":"https:\/\/mm-hrd.com\/fr\/wp-json\/wp\/v2\/media\/198"}],"wp:attachment":[{"href":"https:\/\/mm-hrd.com\/fr\/wp-json\/wp\/v2\/media?parent=9"}],"curies":[{"name":"wp","href":"https:\/\/api.w.org\/{rel}","templated":true}]}}